{"id":8083,"date":"2023-11-10T16:16:36","date_gmt":"2023-11-10T15:16:36","guid":{"rendered":"https:\/\/www.immobil-niederkofler.it\/?page_id=8083"},"modified":"2024-08-13T14:54:42","modified_gmt":"2024-08-13T12:54:42","slug":"valuta-il-tuo-immobile","status":"publish","type":"page","link":"https:\/\/www.immobil-niederkofler.it\/it\/servizi\/per-i-venditori\/valuta-il-tuo-immobile\/","title":{"rendered":"Valuta il tuo immobile"},"content":{"rendered":"\t\t<div data-elementor-type=\"wp-page\" data-elementor-id=\"8083\" class=\"elementor elementor-8083\" data-elementor-post-type=\"page\">\n\t\t\t\t\t\t<section class=\"elementor-section elementor-top-section elementor-element elementor-element-b168e57 elementor-section-full_width elementor-section-height-default elementor-section-height-default\" data-id=\"b168e57\" data-element_type=\"section\" data-e-type=\"section\">\n\t\t\t\t\t\t<div class=\"elementor-container elementor-column-gap-default\">\n\t\t\t\t\t<div class=\"elementor-column elementor-col-100 elementor-top-column elementor-element elementor-element-ee435ea\" data-id=\"ee435ea\" data-element_type=\"column\" data-e-type=\"column\">\n\t\t\t<div class=\"elementor-widget-wrap elementor-element-populated\">\n\t\t\t\t\t\t<div class=\"elementor-element elementor-element-7bbcc24 elementor-widget elementor-widget-h1-with-lines\" data-id=\"7bbcc24\" data-element_type=\"widget\" data-e-type=\"widget\" data-widget_type=\"h1-with-lines.default\">\n\t\t\t\t<div class=\"elementor-widget-container\">\n\t\t\t\t\t\t\t<h1 class=\"site-title with-lines center\">\n            <span>Valuta il tuo immobile<\/span>\n        <\/h1>\n        \t\t\t\t<\/div>\n\t\t\t\t<\/div>\n\t\t\t\t\t<\/div>\n\t\t<\/div>\n\t\t\t\t\t<\/div>\n\t\t<\/section>\n\t\t\t\t<section class=\"elementor-section elementor-top-section elementor-element elementor-element-1dc786a elementor-section-boxed elementor-section-height-default elementor-section-height-default\" data-id=\"1dc786a\" data-element_type=\"section\" data-e-type=\"section\">\n\t\t\t\t\t\t<div class=\"elementor-container elementor-column-gap-default\">\n\t\t\t\t\t<div class=\"elementor-column elementor-col-100 elementor-top-column elementor-element elementor-element-54b1eb7\" data-id=\"54b1eb7\" data-element_type=\"column\" data-e-type=\"column\">\n\t\t\t<div class=\"elementor-widget-wrap elementor-element-populated\">\n\t\t\t\t\t\t<div class=\"elementor-element elementor-element-faf0349 elementor-widget elementor-widget-text-editor\" data-id=\"faf0349\" data-element_type=\"widget\" data-e-type=\"widget\" data-widget_type=\"text-editor.default\">\n\t\t\t\t<div class=\"elementor-widget-container\">\n\t\t\t\t\t\t\t\t\t<div>\n<div>Se l\u2019obiettivo \u00e8 <strong>vendere casa<\/strong> e dunque avere un&#8217;idea del suo valore di mercato, soprattutto considerando la zona in cui essa si trova e la tipologia di immobile che si vuole vendere, Immobiliare Niederkofler \u00e8 l\u2019Agenzia Immobiliare ideale a cui affidarsi.<\/div>\n<div><strong>Effettuare una stima del terreno o dell\u2019immobile<\/strong> \u00e8 fondamentale per farsi un\u2019idea del profitto a cui si pu\u00f2 puntare.<\/div>\n<div>Ecco perch\u00e9 utilizzando il nostro strumento di quotazione immobiliare online potrete ottenere una <strong>prima valutazione approssimativa<\/strong> del valore dell\u2019immobile, in base a fattori come la <strong>tipologia di immobile<\/strong> (es. villa, appartamento, terreno o immobile commerciale, etc.), della<strong> zona<\/strong> in cui si trova, delle <strong>dimensioni<\/strong> e<strong> altre condizioni.<\/strong><\/div>\n<p><\/p>\n<div>Una volta ottenuta una stima, i nostri professionisti saranno a vostra completa disposizione per fornirvi una <strong>consulenza personalizzata pi\u00f9 puntuale,<\/strong> rispondere alle vostre <strong>domande<\/strong> e offrirvi tutti i <strong>dettagli necessari<\/strong> sul processo di vendita.<\/div>\n<p><\/p>\n<div>La vostra soddisfazione \u00e8 la nostra priorit\u00e0! Desideriamo accompagnarvi in ogni fase della vendita del vostro immobile affinch\u00e9 questa avvenga in modo appropriato e sereno.<\/div><div><br><\/div>\n<\/div>\t\t\t\t\t\t\t\t<\/div>\n\t\t\t\t<\/div>\n\t\t\t\t\t<\/div>\n\t\t<\/div>\n\t\t\t\t\t<\/div>\n\t\t<\/section>\n\t\t\t\t<section class=\"elementor-section elementor-top-section elementor-element elementor-element-48923ec elementor-section-boxed elementor-section-height-default elementor-section-height-default\" data-id=\"48923ec\" data-element_type=\"section\" data-e-type=\"section\" data-settings=\"{&quot;background_background&quot;:&quot;classic&quot;}\">\n\t\t\t\t\t\t<div class=\"elementor-container elementor-column-gap-default\">\n\t\t\t\t\t<div class=\"elementor-column elementor-col-100 elementor-top-column elementor-element elementor-element-b837208\" data-id=\"b837208\" data-element_type=\"column\" data-e-type=\"column\">\n\t\t\t<div class=\"elementor-widget-wrap\">\n\t\t\t\t\t\t\t<\/div>\n\t\t<\/div>\n\t\t\t\t\t<\/div>\n\t\t<\/section>\n\t\t\t\t<section class=\"elementor-section elementor-top-section elementor-element elementor-element-592ec7c elementor-section-full_width elementor-section-height-default elementor-section-height-default\" data-id=\"592ec7c\" data-element_type=\"section\" data-e-type=\"section\">\n\t\t\t\t\t\t<div class=\"elementor-container elementor-column-gap-default\">\n\t\t\t\t\t<div class=\"elementor-column elementor-col-100 elementor-top-column elementor-element elementor-element-8b73a4d\" data-id=\"8b73a4d\" data-element_type=\"column\" data-e-type=\"column\">\n\t\t\t<div class=\"elementor-widget-wrap elementor-element-populated\">\n\t\t\t\t\t\t<div class=\"elementor-element elementor-element-ce61967 elementor-widget elementor-widget-html\" data-id=\"ce61967\" data-element_type=\"widget\" data-e-type=\"widget\" data-widget_type=\"html.default\">\n\t\t\t\t<div class=\"elementor-widget-container\">\n\t\t\t\t\t<div class=\"container-fluid\">\r\n<iframe src=\"https:\/\/smartsite2.myonoffice.de\/kunden\/immobilienniederkofler\/63\/startseite.xhtml?language=ITA\" width=\"100%\" height=\"400\" scrolling=\"no\" scrolling=\"no\" frameborder=\"0\" marginheight=\"0px\" marginwidth=\"0px\"><\/iframe>\r\n<\/div>\r\n<script type=\"text\/javascript\">\r\n\tiFrameResize({\r\n\t\tlog                     : true,                  \/\/ Enable console logging\r\n\t\tenablePublicMethods     : true,                  \/\/ Enable methods within iframe hosted page\r\n\t\tresizedCallback         : function(messageData){ \/\/ Callback fn when resize is received\r\n\t\t\t$('p#callback').html(\r\n\t\t\t\t'<b>Frame ID:<\/b> '    + messageData.iframe.id +\r\n\t\t\t\t' <b>Height:<\/b> '     + messageData.height +\r\n\t\t\t\t' <b>Width:<\/b> '      + messageData.width + \r\n\t\t\t\t' <b>Event type:<\/b> ' + messageData.type\r\n\t\t\t);\r\n\t\t},\r\n\t\tmessageCallback         : function(messageData){ \/\/ Callback fn when message is received\r\n\t\t\t$('p#callback').html(\r\n\t\t\t\t'<b>Frame ID:<\/b> '    + messageData.iframe.id +\r\n\t\t\t\t' <b>Message:<\/b> '    + messageData.message\r\n\t\t\t);\r\n\t\t\talert(messageData.message);\r\n\t\t},\r\n\t\tclosedCallback         : function(id){ \/\/ Callback fn when iFrame is closed\r\n\t\t\t$('p#callback').html(\r\n\t\t\t\t'<b>IFrame (<\/b>'    + id +\r\n\t\t\t\t'<b>) removed from page.<\/b>'\r\n\t\t\t);\r\n\t\t}\r\n\t});\r\n<\/script>\t\t\t\t<\/div>\n\t\t\t\t<\/div>\n\t\t\t\t<div class=\"elementor-element elementor-element-0189e06 elementor-align-center elementor-widget elementor-widget-button\" data-id=\"0189e06\" data-element_type=\"widget\" data-e-type=\"widget\" data-widget_type=\"button.default\">\n\t\t\t\t<div class=\"elementor-widget-container\">\n\t\t\t\t\t\t\t\t\t<div class=\"elementor-button-wrapper\">\n\t\t\t\t\t<a class=\"elementor-button elementor-button-link elementor-size-md\" href=\"https:\/\/www.immobil-niederkofler.it\/it\/contatto\/\">\n\t\t\t\t\t\t<span class=\"elementor-button-content-wrapper\">\n\t\t\t\t\t\t\t\t\t<span class=\"elementor-button-text\">Contatta ora un nostro mediatore<\/span>\n\t\t\t\t\t<\/span>\n\t\t\t\t\t<\/a>\n\t\t\t\t<\/div>\n\t\t\t\t\t\t\t\t<\/div>\n\t\t\t\t<\/div>\n\t\t\t\t\t<\/div>\n\t\t<\/div>\n\t\t\t\t\t<\/div>\n\t\t<\/section>\n\t\t\t\t<\/div>\n\t\t","protected":false},"excerpt":{"rendered":"<p>Valuta il tuo immobile Se l\u2019obiettivo \u00e8 vendere casa e dunque avere un&#8217;idea del suo valore di mercato, soprattutto considerando la zona in cui essa si trova e la tipologia di immobile che si vuole vendere, Immobiliare Niederkofler \u00e8 l\u2019Agenzia Immobiliare ideale a cui affidarsi. Effettuare una stima del terreno o dell\u2019immobile \u00e8 fondamentale per [&hellip;]<\/p>\n","protected":false},"author":10,"featured_media":0,"parent":1586,"menu_order":0,"comment_status":"closed","ping_status":"closed","template":"","meta":{"_acf_changed":false,"_monsterinsights_skip_tracking":false,"_monsterinsights_sitenote_active":false,"_monsterinsights_sitenote_note":"","_monsterinsights_sitenote_category":0,"footnotes":""},"class_list":["post-8083","page","type-page","status-publish","hentry"],"acf":[],"yoast_head":"<!-- This site is optimized with the Yoast SEO plugin v27.5 - https:\/\/yoast.com\/product\/yoast-seo-wordpress\/ -->\n<title>Valuta il tuo immobile online - Immobiliare Niederkofler<\/title>\n<meta name=\"description\" content=\"Scopri ora il valore del tuo immobile con la valutazione online di Immobiliare Niederkofler. Saremo a disposizioni per ulteriori info. Prova!\" \/>\n<meta name=\"robots\" content=\"index, follow, max-snippet:-1, max-image-preview:large, max-video-preview:-1\" \/>\n<link rel=\"canonical\" href=\"https:\/\/www.immobil-niederkofler.it\/it\/servizi\/per-i-venditori\/valuta-il-tuo-immobile\/\" \/>\n<meta property=\"og:locale\" content=\"it_IT\" \/>\n<meta property=\"og:type\" content=\"article\" \/>\n<meta property=\"og:title\" content=\"Valuta il tuo immobile online - Immobiliare Niederkofler\" \/>\n<meta property=\"og:description\" content=\"Scopri ora il valore del tuo immobile con la valutazione online di Immobiliare Niederkofler. Saremo a disposizioni per ulteriori info. Prova!\" \/>\n<meta property=\"og:url\" content=\"https:\/\/www.immobil-niederkofler.it\/it\/servizi\/per-i-venditori\/valuta-il-tuo-immobile\/\" \/>\n<meta property=\"og:site_name\" content=\"Immobilien Niederkofler\" \/>\n<meta property=\"article:publisher\" content=\"https:\/\/de-de.facebook.com\/ImmobilienNiederkofler\/\" \/>\n<meta property=\"article:modified_time\" content=\"2024-08-13T12:54:42+00:00\" \/>\n<meta property=\"og:image\" content=\"https:\/\/www.immobil-niederkofler.it\/wp-content\/uploads\/2020\/04\/logo.png\" \/>\n\t<meta property=\"og:image:width\" content=\"121\" \/>\n\t<meta property=\"og:image:height\" content=\"118\" \/>\n\t<meta property=\"og:image:type\" content=\"image\/png\" \/>\n<meta name=\"twitter:card\" content=\"summary_large_image\" \/>\n<meta name=\"twitter:label1\" content=\"Tempo di lettura stimato\" \/>\n\t<meta name=\"twitter:data1\" content=\"4 minuti\" \/>\n<script type=\"application\/ld+json\" class=\"yoast-schema-graph\">{\"@context\":\"https:\\\/\\\/schema.org\",\"@graph\":[{\"@type\":\"WebPage\",\"@id\":\"https:\\\/\\\/www.immobil-niederkofler.it\\\/it\\\/servizi\\\/per-i-venditori\\\/valuta-il-tuo-immobile\\\/\",\"url\":\"https:\\\/\\\/www.immobil-niederkofler.it\\\/it\\\/servizi\\\/per-i-venditori\\\/valuta-il-tuo-immobile\\\/\",\"name\":\"Valuta il tuo immobile online - Immobiliare Niederkofler\",\"isPartOf\":{\"@id\":\"https:\\\/\\\/www.immobil-niederkofler.it\\\/it\\\/#website\"},\"datePublished\":\"2023-11-10T15:16:36+00:00\",\"dateModified\":\"2024-08-13T12:54:42+00:00\",\"description\":\"Scopri ora il valore del tuo immobile con la valutazione online di Immobiliare Niederkofler. Saremo a disposizioni per ulteriori info. Prova!\",\"breadcrumb\":{\"@id\":\"https:\\\/\\\/www.immobil-niederkofler.it\\\/it\\\/servizi\\\/per-i-venditori\\\/valuta-il-tuo-immobile\\\/#breadcrumb\"},\"inLanguage\":\"it-IT\",\"potentialAction\":[{\"@type\":\"ReadAction\",\"target\":[\"https:\\\/\\\/www.immobil-niederkofler.it\\\/it\\\/servizi\\\/per-i-venditori\\\/valuta-il-tuo-immobile\\\/\"]}]},{\"@type\":\"BreadcrumbList\",\"@id\":\"https:\\\/\\\/www.immobil-niederkofler.it\\\/it\\\/servizi\\\/per-i-venditori\\\/valuta-il-tuo-immobile\\\/#breadcrumb\",\"itemListElement\":[{\"@type\":\"ListItem\",\"position\":1,\"name\":\"Servizi\",\"item\":\"https:\\\/\\\/www.immobil-niederkofler.it\\\/it\\\/servizi\\\/\"},{\"@type\":\"ListItem\",\"position\":2,\"name\":\"Vendere\",\"item\":\"https:\\\/\\\/www.immobil-niederkofler.it\\\/it\\\/servizi\\\/per-i-venditori\\\/\"},{\"@type\":\"ListItem\",\"position\":3,\"name\":\"Valuta il tuo immobile\"}]},{\"@type\":\"WebSite\",\"@id\":\"https:\\\/\\\/www.immobil-niederkofler.it\\\/it\\\/#website\",\"url\":\"https:\\\/\\\/www.immobil-niederkofler.it\\\/it\\\/\",\"name\":\"Immobilien Niederkofler\",\"description\":\"Willkommen bei Immobilien Niederkofler, Ihrem zuverl\u00e4ssigen und kompetenten Immobilienmakler im sch\u00f6nen S\u00fcdtirol\",\"potentialAction\":[{\"@type\":\"SearchAction\",\"target\":{\"@type\":\"EntryPoint\",\"urlTemplate\":\"https:\\\/\\\/www.immobil-niederkofler.it\\\/it\\\/?s={search_term_string}\"},\"query-input\":{\"@type\":\"PropertyValueSpecification\",\"valueRequired\":true,\"valueName\":\"search_term_string\"}}],\"inLanguage\":\"it-IT\"}]}<\/script>\n<!-- \/ Yoast SEO plugin. -->","yoast_head_json":{"title":"Valuta il tuo immobile online - Immobiliare Niederkofler","description":"Scopri ora il valore del tuo immobile con la valutazione online di Immobiliare Niederkofler. Saremo a disposizioni per ulteriori info. Prova!","robots":{"index":"index","follow":"follow","max-snippet":"max-snippet:-1","max-image-preview":"max-image-preview:large","max-video-preview":"max-video-preview:-1"},"canonical":"https:\/\/www.immobil-niederkofler.it\/it\/servizi\/per-i-venditori\/valuta-il-tuo-immobile\/","og_locale":"it_IT","og_type":"article","og_title":"Valuta il tuo immobile online - Immobiliare Niederkofler","og_description":"Scopri ora il valore del tuo immobile con la valutazione online di Immobiliare Niederkofler. Saremo a disposizioni per ulteriori info. Prova!","og_url":"https:\/\/www.immobil-niederkofler.it\/it\/servizi\/per-i-venditori\/valuta-il-tuo-immobile\/","og_site_name":"Immobilien Niederkofler","article_publisher":"https:\/\/de-de.facebook.com\/ImmobilienNiederkofler\/","article_modified_time":"2024-08-13T12:54:42+00:00","og_image":[{"width":121,"height":118,"url":"https:\/\/www.immobil-niederkofler.it\/wp-content\/uploads\/2020\/04\/logo.png","type":"image\/png"}],"twitter_card":"summary_large_image","twitter_misc":{"Tempo di lettura stimato":"4 minuti"},"schema":{"@context":"https:\/\/schema.org","@graph":[{"@type":"WebPage","@id":"https:\/\/www.immobil-niederkofler.it\/it\/servizi\/per-i-venditori\/valuta-il-tuo-immobile\/","url":"https:\/\/www.immobil-niederkofler.it\/it\/servizi\/per-i-venditori\/valuta-il-tuo-immobile\/","name":"Valuta il tuo immobile online - Immobiliare Niederkofler","isPartOf":{"@id":"https:\/\/www.immobil-niederkofler.it\/it\/#website"},"datePublished":"2023-11-10T15:16:36+00:00","dateModified":"2024-08-13T12:54:42+00:00","description":"Scopri ora il valore del tuo immobile con la valutazione online di Immobiliare Niederkofler. Saremo a disposizioni per ulteriori info. Prova!","breadcrumb":{"@id":"https:\/\/www.immobil-niederkofler.it\/it\/servizi\/per-i-venditori\/valuta-il-tuo-immobile\/#breadcrumb"},"inLanguage":"it-IT","potentialAction":[{"@type":"ReadAction","target":["https:\/\/www.immobil-niederkofler.it\/it\/servizi\/per-i-venditori\/valuta-il-tuo-immobile\/"]}]},{"@type":"BreadcrumbList","@id":"https:\/\/www.immobil-niederkofler.it\/it\/servizi\/per-i-venditori\/valuta-il-tuo-immobile\/#breadcrumb","itemListElement":[{"@type":"ListItem","position":1,"name":"Servizi","item":"https:\/\/www.immobil-niederkofler.it\/it\/servizi\/"},{"@type":"ListItem","position":2,"name":"Vendere","item":"https:\/\/www.immobil-niederkofler.it\/it\/servizi\/per-i-venditori\/"},{"@type":"ListItem","position":3,"name":"Valuta il tuo immobile"}]},{"@type":"WebSite","@id":"https:\/\/www.immobil-niederkofler.it\/it\/#website","url":"https:\/\/www.immobil-niederkofler.it\/it\/","name":"Immobilien Niederkofler","description":"Willkommen bei Immobilien Niederkofler, Ihrem zuverl\u00e4ssigen und kompetenten Immobilienmakler im sch\u00f6nen S\u00fcdtirol","potentialAction":[{"@type":"SearchAction","target":{"@type":"EntryPoint","urlTemplate":"https:\/\/www.immobil-niederkofler.it\/it\/?s={search_term_string}"},"query-input":{"@type":"PropertyValueSpecification","valueRequired":true,"valueName":"search_term_string"}}],"inLanguage":"it-IT"}]}},"_links":{"self":[{"href":"https:\/\/www.immobil-niederkofler.it\/it\/wp-json\/wp\/v2\/pages\/8083","targetHints":{"allow":["GET"]}}],"collection":[{"href":"https:\/\/www.immobil-niederkofler.it\/it\/wp-json\/wp\/v2\/pages"}],"about":[{"href":"https:\/\/www.immobil-niederkofler.it\/it\/wp-json\/wp\/v2\/types\/page"}],"author":[{"embeddable":true,"href":"https:\/\/www.immobil-niederkofler.it\/it\/wp-json\/wp\/v2\/users\/10"}],"replies":[{"embeddable":true,"href":"https:\/\/www.immobil-niederkofler.it\/it\/wp-json\/wp\/v2\/comments?post=8083"}],"version-history":[{"count":39,"href":"https:\/\/www.immobil-niederkofler.it\/it\/wp-json\/wp\/v2\/pages\/8083\/revisions"}],"predecessor-version":[{"id":8366,"href":"https:\/\/www.immobil-niederkofler.it\/it\/wp-json\/wp\/v2\/pages\/8083\/revisions\/8366"}],"up":[{"embeddable":true,"href":"https:\/\/www.immobil-niederkofler.it\/it\/wp-json\/wp\/v2\/pages\/1586"}],"wp:attachment":[{"href":"https:\/\/www.immobil-niederkofler.it\/it\/wp-json\/wp\/v2\/media?parent=8083"}],"curies":[{"name":"wp","href":"https:\/\/api.w.org\/{rel}","templated":true}]}}