{"id":4172,"date":"2021-02-02T15:27:39","date_gmt":"2021-02-02T14:27:39","guid":{"rendered":"https:\/\/www.immobil-niederkofler.it\/detail\/"},"modified":"2024-08-08T15:38:54","modified_gmt":"2024-08-08T13:38:54","slug":"detail","status":"publish","type":"page","link":"https:\/\/www.immobil-niederkofler.it\/it\/detail\/","title":{"rendered":"Detail"},"content":{"rendered":"<div class=\"oo-detailview-helper\"><p class=\"oo-detailview-helper-text oo-detailview-helper-text--default\">You have opened the detail page, but we do not know which estate to show you, because there is no estate ID in the URL. Please go to an estate list and open an estate from there.<\/p><\/div>\n","protected":false},"excerpt":{"rendered":"","protected":false},"author":4,"featured_media":0,"parent":0,"menu_order":0,"comment_status":"closed","ping_status":"closed","template":"","meta":{"_acf_changed":false,"_monsterinsights_skip_tracking":false,"_monsterinsights_sitenote_active":false,"_monsterinsights_sitenote_note":"","_monsterinsights_sitenote_category":0,"footnotes":""},"class_list":["post-4172","page","type-page","status-publish","hentry"],"acf":[],"yoast_head":"<!-- This site is optimized with the Yoast SEO plugin v27.4 - https:\/\/yoast.com\/product\/yoast-seo-wordpress\/ -->\n<title>Dettagli immobili - Immobiliare Niederkofler<\/title>\n<meta name=\"description\" content=\"Qui puoi trovare tutte le informazioni riguardanti le propriet\u00e0, come foto, descrizioni e molto altro ancora. Clicca qui per vederle tutte!\" \/>\n<meta name=\"robots\" content=\"noindex, follow\" \/>\n<meta property=\"og:locale\" content=\"it_IT\" \/>\n<meta property=\"og:type\" content=\"article\" \/>\n<meta property=\"og:title\" content=\"Dettagli immobili - Immobiliare Niederkofler\" \/>\n<meta property=\"og:description\" content=\"Qui puoi trovare tutte le informazioni riguardanti le propriet\u00e0, come foto, descrizioni e molto altro ancora. Clicca qui per vederle tutte!\" \/>\n<meta property=\"og:url\" content=\"https:\/\/www.immobil-niederkofler.it\/it\/detail\/\" \/>\n<meta property=\"og:site_name\" content=\"Immobilien Niederkofler\" \/>\n<meta property=\"article:publisher\" content=\"https:\/\/de-de.facebook.com\/ImmobilienNiederkofler\/\" \/>\n<meta property=\"article:modified_time\" content=\"2024-08-08T13:38:54+00:00\" \/>\n<meta property=\"og:image\" content=\"https:\/\/www.immobil-niederkofler.it\/wp-content\/uploads\/2020\/04\/logo.png\" \/>\n\t<meta property=\"og:image:width\" content=\"121\" \/>\n\t<meta property=\"og:image:height\" content=\"118\" \/>\n\t<meta property=\"og:image:type\" content=\"image\/png\" \/>\n<meta name=\"twitter:card\" content=\"summary_large_image\" \/>\n<script type=\"application\/ld+json\" class=\"yoast-schema-graph\">{\"@context\":\"https:\\\/\\\/schema.org\",\"@graph\":[{\"@type\":\"WebPage\",\"@id\":\"https:\\\/\\\/www.immobil-niederkofler.it\\\/it\\\/detail\\\/\",\"url\":\"https:\\\/\\\/www.immobil-niederkofler.it\\\/it\\\/detail\\\/\",\"name\":\"Dettagli immobili - Immobiliare Niederkofler\",\"isPartOf\":{\"@id\":\"https:\\\/\\\/www.immobil-niederkofler.it\\\/it\\\/#website\"},\"datePublished\":\"2021-02-02T14:27:39+00:00\",\"dateModified\":\"2024-08-08T13:38:54+00:00\",\"description\":\"Qui puoi trovare tutte le informazioni riguardanti le propriet\u00e0, come foto, descrizioni e molto altro ancora. Clicca qui per vederle tutte!\",\"inLanguage\":\"it-IT\",\"potentialAction\":[{\"@type\":\"ReadAction\",\"target\":[\"https:\\\/\\\/www.immobil-niederkofler.it\\\/it\\\/detail\\\/\"]}]},{\"@type\":\"WebSite\",\"@id\":\"https:\\\/\\\/www.immobil-niederkofler.it\\\/it\\\/#website\",\"url\":\"https:\\\/\\\/www.immobil-niederkofler.it\\\/it\\\/\",\"name\":\"Immobilien Niederkofler\",\"description\":\"Willkommen bei Immobilien Niederkofler, Ihrem zuverl\u00e4ssigen und kompetenten Immobilienmakler im sch\u00f6nen S\u00fcdtirol\",\"potentialAction\":[{\"@type\":\"SearchAction\",\"target\":{\"@type\":\"EntryPoint\",\"urlTemplate\":\"https:\\\/\\\/www.immobil-niederkofler.it\\\/it\\\/?s={search_term_string}\"},\"query-input\":{\"@type\":\"PropertyValueSpecification\",\"valueRequired\":true,\"valueName\":\"search_term_string\"}}],\"inLanguage\":\"it-IT\"}]}<\/script>\n<!-- \/ Yoast SEO plugin. -->","yoast_head_json":{"title":"Dettagli immobili - Immobiliare Niederkofler","description":"Qui puoi trovare tutte le informazioni riguardanti le propriet\u00e0, come foto, descrizioni e molto altro ancora. Clicca qui per vederle tutte!","robots":{"index":"noindex","follow":"follow"},"og_locale":"it_IT","og_type":"article","og_title":"Dettagli immobili - Immobiliare Niederkofler","og_description":"Qui puoi trovare tutte le informazioni riguardanti le propriet\u00e0, come foto, descrizioni e molto altro ancora. Clicca qui per vederle tutte!","og_url":"https:\/\/www.immobil-niederkofler.it\/it\/detail\/","og_site_name":"Immobilien Niederkofler","article_publisher":"https:\/\/de-de.facebook.com\/ImmobilienNiederkofler\/","article_modified_time":"2024-08-08T13:38:54+00:00","og_image":[{"width":121,"height":118,"url":"https:\/\/www.immobil-niederkofler.it\/wp-content\/uploads\/2020\/04\/logo.png","type":"image\/png"}],"twitter_card":"summary_large_image","schema":{"@context":"https:\/\/schema.org","@graph":[{"@type":"WebPage","@id":"https:\/\/www.immobil-niederkofler.it\/it\/detail\/","url":"https:\/\/www.immobil-niederkofler.it\/it\/detail\/","name":"Dettagli immobili - Immobiliare Niederkofler","isPartOf":{"@id":"https:\/\/www.immobil-niederkofler.it\/it\/#website"},"datePublished":"2021-02-02T14:27:39+00:00","dateModified":"2024-08-08T13:38:54+00:00","description":"Qui puoi trovare tutte le informazioni riguardanti le propriet\u00e0, come foto, descrizioni e molto altro ancora. Clicca qui per vederle tutte!","inLanguage":"it-IT","potentialAction":[{"@type":"ReadAction","target":["https:\/\/www.immobil-niederkofler.it\/it\/detail\/"]}]},{"@type":"WebSite","@id":"https:\/\/www.immobil-niederkofler.it\/it\/#website","url":"https:\/\/www.immobil-niederkofler.it\/it\/","name":"Immobilien Niederkofler","description":"Willkommen bei Immobilien Niederkofler, Ihrem zuverl\u00e4ssigen und kompetenten Immobilienmakler im sch\u00f6nen S\u00fcdtirol","potentialAction":[{"@type":"SearchAction","target":{"@type":"EntryPoint","urlTemplate":"https:\/\/www.immobil-niederkofler.it\/it\/?s={search_term_string}"},"query-input":{"@type":"PropertyValueSpecification","valueRequired":true,"valueName":"search_term_string"}}],"inLanguage":"it-IT"}]}},"_links":{"self":[{"href":"https:\/\/www.immobil-niederkofler.it\/it\/wp-json\/wp\/v2\/pages\/4172","targetHints":{"allow":["GET"]}}],"collection":[{"href":"https:\/\/www.immobil-niederkofler.it\/it\/wp-json\/wp\/v2\/pages"}],"about":[{"href":"https:\/\/www.immobil-niederkofler.it\/it\/wp-json\/wp\/v2\/types\/page"}],"author":[{"embeddable":true,"href":"https:\/\/www.immobil-niederkofler.it\/it\/wp-json\/wp\/v2\/users\/4"}],"replies":[{"embeddable":true,"href":"https:\/\/www.immobil-niederkofler.it\/it\/wp-json\/wp\/v2\/comments?post=4172"}],"version-history":[{"count":1,"href":"https:\/\/www.immobil-niederkofler.it\/it\/wp-json\/wp\/v2\/pages\/4172\/revisions"}],"predecessor-version":[{"id":7248,"href":"https:\/\/www.immobil-niederkofler.it\/it\/wp-json\/wp\/v2\/pages\/4172\/revisions\/7248"}],"wp:attachment":[{"href":"https:\/\/www.immobil-niederkofler.it\/it\/wp-json\/wp\/v2\/media?parent=4172"}],"curies":[{"name":"wp","href":"https:\/\/api.w.org\/{rel}","templated":true}]}}