{"id":1561,"date":"2020-02-27T15:34:41","date_gmt":"2020-02-27T14:34:41","guid":{"rendered":"https:\/\/www.immobil-niederkofler.it\/geschichte\/"},"modified":"2024-08-13T17:03:13","modified_gmt":"2024-08-13T15:03:13","slug":"storia","status":"publish","type":"page","link":"https:\/\/www.immobil-niederkofler.it\/it\/chi-siamo\/storia\/","title":{"rendered":"Storia"},"content":{"rendered":"\t\t<div data-elementor-type=\"wp-page\" data-elementor-id=\"1561\" class=\"elementor elementor-1561 elementor-227\" data-elementor-post-type=\"page\">\n\t\t\t\t\t\t<section class=\"elementor-section elementor-top-section elementor-element elementor-element-dde928e elementor-section-full_width elementor-section-height-default elementor-section-height-default\" data-id=\"dde928e\" data-element_type=\"section\" data-e-type=\"section\">\n\t\t\t\t\t\t<div class=\"elementor-container elementor-column-gap-default\">\n\t\t\t\t\t<div class=\"elementor-column elementor-col-100 elementor-top-column elementor-element elementor-element-16ee2f4\" data-id=\"16ee2f4\" data-element_type=\"column\" data-e-type=\"column\">\n\t\t\t<div class=\"elementor-widget-wrap elementor-element-populated\">\n\t\t\t\t\t\t<div class=\"elementor-element elementor-element-d28acd9 elementor-widget elementor-widget-h1-with-lines\" data-id=\"d28acd9\" data-element_type=\"widget\" data-e-type=\"widget\" data-widget_type=\"h1-with-lines.default\">\n\t\t\t\t<div class=\"elementor-widget-container\">\n\t\t\t\t\t\t\t<h1 class=\"site-title with-lines center\">\n            <span>La storia di Immobilien Niederkofler<\/span>\n        <\/h1>\n        \t\t\t\t<\/div>\n\t\t\t\t<\/div>\n\t\t\t\t\t<\/div>\n\t\t<\/div>\n\t\t\t\t\t<\/div>\n\t\t<\/section>\n\t\t\t\t<section class=\"elementor-section elementor-top-section elementor-element elementor-element-991676b elementor-section-boxed elementor-section-height-default elementor-section-height-default\" data-id=\"991676b\" data-element_type=\"section\" data-e-type=\"section\">\n\t\t\t\t\t\t<div class=\"elementor-container elementor-column-gap-default\">\n\t\t\t\t\t<div class=\"elementor-column elementor-col-100 elementor-top-column elementor-element elementor-element-0faebe0\" data-id=\"0faebe0\" data-element_type=\"column\" data-e-type=\"column\">\n\t\t\t<div class=\"elementor-widget-wrap elementor-element-populated\">\n\t\t\t\t\t\t<div class=\"elementor-element elementor-element-178964b elementor-widget elementor-widget-text-editor\" data-id=\"178964b\" data-element_type=\"widget\" data-e-type=\"widget\" data-widget_type=\"text-editor.default\">\n\t\t\t\t<div class=\"elementor-widget-container\">\n\t\t\t\t\t\t\t\t\t<p style=\"text-align: left;\">Immobiliare Niederkofler \u00e8 stata fondata nel 1948 dal dott. Emil Niederkofler e, all&#8217;epoca, \u00e8 stata la prima agenzia immobiliare della Val Pusteria.<\/p>\t\t\t\t\t\t\t\t<\/div>\n\t\t\t\t<\/div>\n\t\t\t\t\t<\/div>\n\t\t<\/div>\n\t\t\t\t\t<\/div>\n\t\t<\/section>\n\t\t\t\t<section class=\"elementor-section elementor-top-section elementor-element elementor-element-d90689f elementor-section-boxed elementor-section-height-default elementor-section-height-default\" data-id=\"d90689f\" data-element_type=\"section\" data-e-type=\"section\">\n\t\t\t\t\t\t<div class=\"elementor-container elementor-column-gap-default\">\n\t\t\t\t\t<div class=\"elementor-column elementor-col-100 elementor-top-column elementor-element elementor-element-b808e3a\" data-id=\"b808e3a\" data-element_type=\"column\" data-e-type=\"column\">\n\t\t\t<div class=\"elementor-widget-wrap elementor-element-populated\">\n\t\t\t\t\t\t<div class=\"elementor-element elementor-element-6545054 elementor-widget elementor-widget-timeline\" data-id=\"6545054\" data-element_type=\"widget\" data-e-type=\"widget\" data-widget_type=\"timeline.default\">\n\t\t\t\t<div class=\"elementor-widget-container\">\n\t\t\t\t\t        <section class=\"timeline\">\n            <div class=\"container\">\n                                                        <div class=\"timeline-item\">\n                        <div class=\"timeline-img\"><\/div>\n                        <div class=\"timeline-content timeline-card js--fadeInRight\">\n\t                                                    <div class=\"timeline-img-header\" style=\"background: url('https:\/\/www.immobil-niederkofler.it\/wp-content\/uploads\/2021\/07\/Bozen-Oci.jpg') center center no-repeat; background-size: cover;\">\n                                <h2><\/h2>\n                            <\/div>\n\t                                                    <div class=\"date\">2019<\/div>\n                            <p>Dal <b><b>2019<\/b>, Immobilien Niederkofler si trova anche a Bolzano nel capoluogo della Provincia di Bolzano. La filiale \u00e8 gestita dalla <b><b> dott.ssa Octavia Niederkofler.<\/b> <\/b><\/b> Dopo aver completato gli studi di giurisprudenza all' Universit\u00e0 di Cattolica a Milano, la sorella del CEO Andr\u00e8 Benedict Niederkofler ha fatto esperienza professionale prima a Milano e poi presso altre societ\u00e0 immobiliari in Alto Adige.<\/p>\n                        <\/div>\n                    <\/div>\n                                        <div class=\"timeline-item\">\n                        <div class=\"timeline-img\"><\/div>\n                        <div class=\"timeline-content timeline-card js--fadeInLeft\">\n\t                                                    <div class=\"timeline-img-header\" style=\"background: url('https:\/\/www.immobil-niederkofler.it\/wp-content\/uploads\/2021\/07\/Benedict-und-Dietmar.jpg') center center no-repeat; background-size: cover;\">\n                                <h2><\/h2>\n                            <\/div>\n\t                                                    <div class=\"date\">2016<\/div>\n                            <p>Il figlio <b><b>dott. Andr\u00e8 Benedict Niederkofler<\/b><\/b>, dopo la laurea in giurisprudenza nel 2009, il \u201emaster of finance and real estate\u201c e due anni di esperienza professionale in una societ\u00e0 immobiliare internazionale ad Amburgo, ha preso in mano l'agenzia immobiliare nel  <b><b>2015 <\/b>.<\/p>\n                        <\/div>\n                    <\/div>\n                                        <div class=\"timeline-item\">\n                        <div class=\"timeline-img\"><\/div>\n                        <div class=\"timeline-content timeline-card js--fadeInRight\">\n\t                                                    <div class=\"timeline-img-header\" style=\"background: url('https:\/\/www.immobil-niederkofler.it\/wp-content\/uploads\/2021\/07\/Filiale-Sand.jpg') center center no-repeat; background-size: cover;\">\n                                <h2><\/h2>\n                            <\/div>\n\t                                                    <div class=\"date\">2011<\/div>\n                            <p>Nel  <b><b>2011<\/b><\/b> \u00e9 stata inagurata la nostra terza sede a Campo Tures.<\/p>\n                        <\/div>\n                    <\/div>\n                                        <div class=\"timeline-item\">\n                        <div class=\"timeline-img\"><\/div>\n                        <div class=\"timeline-content timeline-card js--fadeInLeft\">\n\t                                                    <div class=\"timeline-img-header\" style=\"background: url('https:\/\/www.immobil-niederkofler.it\/wp-content\/uploads\/2021\/07\/Stadtgasse.jpg') center center no-repeat; background-size: cover;\">\n                                <h2><\/h2>\n                            <\/div>\n\t                                                    <div class=\"date\">2003<\/div>\n                            <p><b><b>2003 <\/b><\/b>segu\u00ec l'apertura dell' Infopoint nella Via Centrale di Brunico.<\/p>\n                        <\/div>\n                    <\/div>\n                                        <div class=\"timeline-item\">\n                        <div class=\"timeline-img\"><\/div>\n                        <div class=\"timeline-content timeline-card js--fadeInRight\">\n\t                                                    <div class=\"timeline-img-header\" style=\"background: url('https:\/\/www.immobil-niederkofler.it\/wp-content\/uploads\/2021\/08\/Unbenannt-2.jpg') center center no-repeat; background-size: cover;\">\n                                <h2><\/h2>\n                            <\/div>\n\t                                                    <div class=\"date\">2000<\/div>\n                            <p>Nel <b><b>2000 <\/b><\/b> \u00e8 stata fondata la prima filiale a Monguelfo.<\/p>\n                        <\/div>\n                    <\/div>\n                                        <div class=\"timeline-item\">\n                        <div class=\"timeline-img\"><\/div>\n                        <div class=\"timeline-content timeline-card js--fadeInLeft\">\n\t                                                    <div class=\"timeline-img-header\" style=\"background: url('https:\/\/www.immobil-niederkofler.it\/wp-content\/uploads\/2021\/07\/Galileo-Galilei.jpg') center center no-repeat; background-size: cover;\">\n                                <h2><\/h2>\n                            <\/div>\n\t                                                    <div class=\"date\">1989<\/div>\n                            <p>Nel <b><b>1989 <\/b><\/b>, l'azienda si \u00e8 trasferita nella sede principale a Brunico in Via Galileo Galilei 6, che esiste ancora oggi.<\/p>\n                        <\/div>\n                    <\/div>\n                                        <div class=\"timeline-item\">\n                        <div class=\"timeline-img\"><\/div>\n                        <div class=\"timeline-content timeline-card js--fadeInRight\">\n\t                                                    <div class=\"timeline-img-header\" style=\"background: url('https:\/\/www.immobil-niederkofler.it\/wp-content\/uploads\/2021\/08\/Dietmar-und-Peppi.jpg') center center no-repeat; background-size: cover;\">\n                                <h2><\/h2>\n                            <\/div>\n\t                                                    <div class=\"date\">1978<\/div>\n                            <p><b><b>Dietmar Niederkofler<\/b><\/b> (a sinistra), dopo aver conseguito il diploma di geometra nel 1977, subentro nell'agenzia immobiliare nell <b><b>1979<\/b><\/b> e trasfer\u00ec la sede dell\u2018 azienda a Brunico dalla Via Bastioni 4 alla Via Centrale 17.<\/p>\n                        <\/div>\n                    <\/div>\n                                        <div class=\"timeline-item\">\n                        <div class=\"timeline-img\"><\/div>\n                        <div class=\"timeline-content timeline-card js--fadeInLeft\">\n\t                                                    <div class=\"timeline-img-header\" style=\"background: url('https:\/\/www.immobil-niederkofler.it\/wp-content\/uploads\/2020\/08\/emil-niederkofler-mitHG.jpg') center center no-repeat; background-size: cover;\">\n                                <h2><\/h2>\n                            <\/div>\n\t                                                    <div class=\"date\">1948<\/div>\n                            <p>Nel <b><b>1948<\/b><\/b> il  <b><b> dott. Emil Niederkofler<\/b><\/b> ha fondato la prima agenzia immobiliare della Val Pusteria.<\/p>\n                        <\/div>\n                    <\/div>\n                                                <\/div>\n        <\/section>\n        \t\t\t\t<\/div>\n\t\t\t\t<\/div>\n\t\t\t\t\t<\/div>\n\t\t<\/div>\n\t\t\t\t\t<\/div>\n\t\t<\/section>\n\t\t\t\t<\/div>\n\t\t","protected":false},"excerpt":{"rendered":"<p>La storia di Immobilien Niederkofler Immobiliare Niederkofler \u00e8 stata fondata nel 1948 dal dott. Emil Niederkofler e, all&#8217;epoca, \u00e8 stata la prima agenzia immobiliare della Val Pusteria. 2019 Dal 2019, Immobilien Niederkofler si trova anche a Bolzano nel capoluogo della Provincia di Bolzano. La filiale \u00e8 gestita dalla dott.ssa Octavia Niederkofler. Dopo aver completato gli [&hellip;]<\/p>\n","protected":false},"author":4,"featured_media":0,"parent":1653,"menu_order":0,"comment_status":"closed","ping_status":"closed","template":"","meta":{"_acf_changed":false,"_monsterinsights_skip_tracking":false,"_monsterinsights_sitenote_active":false,"_monsterinsights_sitenote_note":"","_monsterinsights_sitenote_category":0,"footnotes":""},"class_list":["post-1561","page","type-page","status-publish","hentry"],"acf":[],"yoast_head":"<!-- This site is optimized with the Yoast SEO plugin v27.4 - https:\/\/yoast.com\/product\/yoast-seo-wordpress\/ -->\n<title>La nostra storia - Immobiliare Niederkofler<\/title>\n<meta name=\"description\" content=\"Scopri la storia di Immobiliare Niederkofler, nata nel 1948 come la prima agenzia immobiliare della Val Pusteria. Clicca qui!\" \/>\n<meta name=\"robots\" content=\"index, follow, max-snippet:-1, max-image-preview:large, max-video-preview:-1\" \/>\n<link rel=\"canonical\" href=\"https:\/\/www.immobil-niederkofler.it\/it\/chi-siamo\/storia\/\" \/>\n<meta property=\"og:locale\" content=\"it_IT\" \/>\n<meta property=\"og:type\" content=\"article\" \/>\n<meta property=\"og:title\" content=\"La nostra storia - Immobiliare Niederkofler\" \/>\n<meta property=\"og:description\" content=\"Scopri la storia di Immobiliare Niederkofler, nata nel 1948 come la prima agenzia immobiliare della Val Pusteria. Clicca qui!\" \/>\n<meta property=\"og:url\" content=\"https:\/\/www.immobil-niederkofler.it\/it\/chi-siamo\/storia\/\" \/>\n<meta property=\"og:site_name\" content=\"Immobilien Niederkofler\" \/>\n<meta property=\"article:publisher\" content=\"https:\/\/de-de.facebook.com\/ImmobilienNiederkofler\/\" \/>\n<meta property=\"article:modified_time\" content=\"2024-08-13T15:03:13+00:00\" \/>\n<meta property=\"og:image\" content=\"https:\/\/www.immobil-niederkofler.it\/wp-content\/uploads\/2020\/04\/logo.png\" \/>\n\t<meta property=\"og:image:width\" content=\"121\" \/>\n\t<meta property=\"og:image:height\" content=\"118\" \/>\n\t<meta property=\"og:image:type\" content=\"image\/png\" \/>\n<meta name=\"twitter:card\" content=\"summary_large_image\" \/>\n<meta name=\"twitter:label1\" content=\"Tempo di lettura stimato\" \/>\n\t<meta name=\"twitter:data1\" content=\"2 minuti\" \/>\n<script type=\"application\/ld+json\" class=\"yoast-schema-graph\">{\"@context\":\"https:\\\/\\\/schema.org\",\"@graph\":[{\"@type\":\"WebPage\",\"@id\":\"https:\\\/\\\/www.immobil-niederkofler.it\\\/it\\\/chi-siamo\\\/storia\\\/\",\"url\":\"https:\\\/\\\/www.immobil-niederkofler.it\\\/it\\\/chi-siamo\\\/storia\\\/\",\"name\":\"La nostra storia - Immobiliare Niederkofler\",\"isPartOf\":{\"@id\":\"https:\\\/\\\/www.immobil-niederkofler.it\\\/it\\\/#website\"},\"datePublished\":\"2020-02-27T14:34:41+00:00\",\"dateModified\":\"2024-08-13T15:03:13+00:00\",\"description\":\"Scopri la storia di Immobiliare Niederkofler, nata nel 1948 come la prima agenzia immobiliare della Val Pusteria. Clicca qui!\",\"breadcrumb\":{\"@id\":\"https:\\\/\\\/www.immobil-niederkofler.it\\\/it\\\/chi-siamo\\\/storia\\\/#breadcrumb\"},\"inLanguage\":\"it-IT\",\"potentialAction\":[{\"@type\":\"ReadAction\",\"target\":[\"https:\\\/\\\/www.immobil-niederkofler.it\\\/it\\\/chi-siamo\\\/storia\\\/\"]}]},{\"@type\":\"BreadcrumbList\",\"@id\":\"https:\\\/\\\/www.immobil-niederkofler.it\\\/it\\\/chi-siamo\\\/storia\\\/#breadcrumb\",\"itemListElement\":[{\"@type\":\"ListItem\",\"position\":1,\"name\":\"Chi siamo\",\"item\":\"https:\\\/\\\/www.immobil-niederkofler.it\\\/it\\\/chi-siamo\\\/\"},{\"@type\":\"ListItem\",\"position\":2,\"name\":\"Storia\"}]},{\"@type\":\"WebSite\",\"@id\":\"https:\\\/\\\/www.immobil-niederkofler.it\\\/it\\\/#website\",\"url\":\"https:\\\/\\\/www.immobil-niederkofler.it\\\/it\\\/\",\"name\":\"Immobilien Niederkofler\",\"description\":\"Willkommen bei Immobilien Niederkofler, Ihrem zuverl\u00e4ssigen und kompetenten Immobilienmakler im sch\u00f6nen S\u00fcdtirol\",\"potentialAction\":[{\"@type\":\"SearchAction\",\"target\":{\"@type\":\"EntryPoint\",\"urlTemplate\":\"https:\\\/\\\/www.immobil-niederkofler.it\\\/it\\\/?s={search_term_string}\"},\"query-input\":{\"@type\":\"PropertyValueSpecification\",\"valueRequired\":true,\"valueName\":\"search_term_string\"}}],\"inLanguage\":\"it-IT\"}]}<\/script>\n<!-- \/ Yoast SEO plugin. -->","yoast_head_json":{"title":"La nostra storia - Immobiliare Niederkofler","description":"Scopri la storia di Immobiliare Niederkofler, nata nel 1948 come la prima agenzia immobiliare della Val Pusteria. Clicca qui!","robots":{"index":"index","follow":"follow","max-snippet":"max-snippet:-1","max-image-preview":"max-image-preview:large","max-video-preview":"max-video-preview:-1"},"canonical":"https:\/\/www.immobil-niederkofler.it\/it\/chi-siamo\/storia\/","og_locale":"it_IT","og_type":"article","og_title":"La nostra storia - Immobiliare Niederkofler","og_description":"Scopri la storia di Immobiliare Niederkofler, nata nel 1948 come la prima agenzia immobiliare della Val Pusteria. Clicca qui!","og_url":"https:\/\/www.immobil-niederkofler.it\/it\/chi-siamo\/storia\/","og_site_name":"Immobilien Niederkofler","article_publisher":"https:\/\/de-de.facebook.com\/ImmobilienNiederkofler\/","article_modified_time":"2024-08-13T15:03:13+00:00","og_image":[{"width":121,"height":118,"url":"https:\/\/www.immobil-niederkofler.it\/wp-content\/uploads\/2020\/04\/logo.png","type":"image\/png"}],"twitter_card":"summary_large_image","twitter_misc":{"Tempo di lettura stimato":"2 minuti"},"schema":{"@context":"https:\/\/schema.org","@graph":[{"@type":"WebPage","@id":"https:\/\/www.immobil-niederkofler.it\/it\/chi-siamo\/storia\/","url":"https:\/\/www.immobil-niederkofler.it\/it\/chi-siamo\/storia\/","name":"La nostra storia - Immobiliare Niederkofler","isPartOf":{"@id":"https:\/\/www.immobil-niederkofler.it\/it\/#website"},"datePublished":"2020-02-27T14:34:41+00:00","dateModified":"2024-08-13T15:03:13+00:00","description":"Scopri la storia di Immobiliare Niederkofler, nata nel 1948 come la prima agenzia immobiliare della Val Pusteria. Clicca qui!","breadcrumb":{"@id":"https:\/\/www.immobil-niederkofler.it\/it\/chi-siamo\/storia\/#breadcrumb"},"inLanguage":"it-IT","potentialAction":[{"@type":"ReadAction","target":["https:\/\/www.immobil-niederkofler.it\/it\/chi-siamo\/storia\/"]}]},{"@type":"BreadcrumbList","@id":"https:\/\/www.immobil-niederkofler.it\/it\/chi-siamo\/storia\/#breadcrumb","itemListElement":[{"@type":"ListItem","position":1,"name":"Chi siamo","item":"https:\/\/www.immobil-niederkofler.it\/it\/chi-siamo\/"},{"@type":"ListItem","position":2,"name":"Storia"}]},{"@type":"WebSite","@id":"https:\/\/www.immobil-niederkofler.it\/it\/#website","url":"https:\/\/www.immobil-niederkofler.it\/it\/","name":"Immobilien Niederkofler","description":"Willkommen bei Immobilien Niederkofler, Ihrem zuverl\u00e4ssigen und kompetenten Immobilienmakler im sch\u00f6nen S\u00fcdtirol","potentialAction":[{"@type":"SearchAction","target":{"@type":"EntryPoint","urlTemplate":"https:\/\/www.immobil-niederkofler.it\/it\/?s={search_term_string}"},"query-input":{"@type":"PropertyValueSpecification","valueRequired":true,"valueName":"search_term_string"}}],"inLanguage":"it-IT"}]}},"_links":{"self":[{"href":"https:\/\/www.immobil-niederkofler.it\/it\/wp-json\/wp\/v2\/pages\/1561","targetHints":{"allow":["GET"]}}],"collection":[{"href":"https:\/\/www.immobil-niederkofler.it\/it\/wp-json\/wp\/v2\/pages"}],"about":[{"href":"https:\/\/www.immobil-niederkofler.it\/it\/wp-json\/wp\/v2\/types\/page"}],"author":[{"embeddable":true,"href":"https:\/\/www.immobil-niederkofler.it\/it\/wp-json\/wp\/v2\/users\/4"}],"replies":[{"embeddable":true,"href":"https:\/\/www.immobil-niederkofler.it\/it\/wp-json\/wp\/v2\/comments?post=1561"}],"version-history":[{"count":3,"href":"https:\/\/www.immobil-niederkofler.it\/it\/wp-json\/wp\/v2\/pages\/1561\/revisions"}],"predecessor-version":[{"id":8068,"href":"https:\/\/www.immobil-niederkofler.it\/it\/wp-json\/wp\/v2\/pages\/1561\/revisions\/8068"}],"up":[{"embeddable":true,"href":"https:\/\/www.immobil-niederkofler.it\/it\/wp-json\/wp\/v2\/pages\/1653"}],"wp:attachment":[{"href":"https:\/\/www.immobil-niederkofler.it\/it\/wp-json\/wp\/v2\/media?parent=1561"}],"curies":[{"name":"wp","href":"https:\/\/api.w.org\/{rel}","templated":true}]}}