{"id":1555,"date":"2020-03-17T08:11:38","date_gmt":"2020-03-17T07:11:38","guid":{"rendered":"https:\/\/www.immobil-niederkofler.it\/merkliste\/"},"modified":"2024-08-13T17:52:45","modified_gmt":"2024-08-13T15:52:45","slug":"watchlist","status":"publish","type":"page","link":"https:\/\/www.immobil-niederkofler.it\/it\/ricerca_immobile\/watchlist\/","title":{"rendered":"Watchlist"},"content":{"rendered":"\t\t<div data-elementor-type=\"wp-page\" data-elementor-id=\"1555\" class=\"elementor elementor-1555 elementor-290\" data-elementor-post-type=\"page\">\n\t\t\t\t\t\t<section class=\"elementor-section elementor-top-section elementor-element elementor-element-307470da elementor-section-boxed elementor-section-height-default elementor-section-height-default\" data-id=\"307470da\" data-element_type=\"section\" data-e-type=\"section\">\n\t\t\t\t\t\t<div class=\"elementor-container elementor-column-gap-default\">\n\t\t\t\t\t<div class=\"elementor-column elementor-col-100 elementor-top-column elementor-element elementor-element-292e1f1e\" data-id=\"292e1f1e\" data-element_type=\"column\" data-e-type=\"column\">\n\t\t\t<div class=\"elementor-widget-wrap elementor-element-populated\">\n\t\t\t\t\t\t<div class=\"elementor-element elementor-element-6c06eb9 elementor-widget elementor-widget-h1-with-lines\" data-id=\"6c06eb9\" data-element_type=\"widget\" data-e-type=\"widget\" data-widget_type=\"h1-with-lines.default\">\n\t\t\t\t<div class=\"elementor-widget-container\">\n\t\t\t\t\t\t\t<h1 class=\"site-title with-lines center\">\n            <span>Immobilien in Ihrer Merkliste<\/span>\n        <\/h1>\n        \t\t\t\t<\/div>\n\t\t\t\t<\/div>\n\t\t\t\t<div class=\"elementor-element elementor-element-75bb5fc5 elementor-widget elementor-widget-text-editor\" data-id=\"75bb5fc5\" data-element_type=\"widget\" data-e-type=\"widget\" data-widget_type=\"text-editor.default\">\n\t\t\t\t<div class=\"elementor-widget-container\">\n\t\t\t\t\t\t\t\t\t\n\n<div class=\"xrow immobilien-list \">\n    <section>\n        <div class=\"immobilien-list__title\">\n            <div class=\"wrap-select\">\n                <div class=\"form-field\">\n                    <select name=\"userDefinedSelection\" data-sort-listviewid=\"15\" class=\"onofficeSortListSelector\"><option value=\"kaufpreis#ASC\" >Prezzo d&#039;acquisto (crescente)<\/option><option value=\"kaufpreis#DESC\" >Prezzo d&#039;acquisto (decrescente)<\/option><option value=\"kaltmiete#ASC\" >Canone d\u2019affitto (utenze escluse) (crescente)<\/option><option value=\"kaltmiete#DESC\" >Canone d\u2019affitto (utenze escluse) (decrescente)<\/option><option value=\"anzahl_zimmer#ASC\" >Vani (crescente)<\/option><option value=\"anzahl_zimmer#DESC\" >Vani (decrescente)<\/option><option value=\"ort#ASC\" >Comune (crescente)<\/option><option value=\"ort#DESC\" >Comune (decrescente)<\/option><option value=\"geaendert_am#ASC\" >Ultima modifica (crescente)<\/option><option value=\"geaendert_am#DESC\"  selected>Ultima modifica (decrescente)<\/option><\/select>                <\/div>\n            <\/div>\n            <h2>\n                0 Immobili            <\/h2>\n        <\/div>\n        <div class=\"immobilien-list__cards row\">\n\t            <div class=\"col-12 col-md-6 col-xl-4 immobilien-list__cards_current\">\n                <div class=\"immobilien-listcard-list card-list card-list_question pb-4\">\n                    <div class=\"item card-list__question\">\n                        <img decoding=\"async\" class=\"img-fluid\" src=\"https:\/\/www.immobil-niederkofler.it\/wp-content\/themes\/niederkofler\/assets\/img\/immo_list\/immo-list-9.jpg\">\n                    <\/div>\n                    <div class=\"card-list__content\">\n                        <div class=\"description__text\">\n                            <p>Niente di adatto a te?<\/p>\n                        <\/div>\n                        <div class=\"description\">\n                            <div class=\"title-question\">\n                                <p>Clicca qui:<br> Troveremo quello che cerchi!<\/p>\n                            <\/div>\n                        <\/div>\n                        <div class=\"button\">\n                            <a href=\"https:\/\/www.immobil-niederkofler.it\/de\/suchauftrag\/\">Ordine di ricerca<\/a>\n                        <\/div>\n                    <\/div>\n                <\/div>\n            <\/div>\n        <\/div>\n        <div class=\"immobilien-list__pagination row\">\n            <div class=\"wrap-pagination\">\n                <nav aria-label=\"Page navigation example\">\n\t                                <\/nav>\n            <\/div>\n        <\/div>\n    <\/section>\n<\/div>\n\n\t\t\t\t\t\t\t\t<\/div>\n\t\t\t\t<\/div>\n\t\t\t\t\t<\/div>\n\t\t<\/div>\n\t\t\t\t\t<\/div>\n\t\t<\/section>\n\t\t\t\t<\/div>\n\t\t","protected":false},"excerpt":{"rendered":"<p>Immobilien in Ihrer Merkliste<\/p>\n","protected":false},"author":4,"featured_media":0,"parent":1625,"menu_order":0,"comment_status":"closed","ping_status":"closed","template":"","meta":{"_acf_changed":false,"_monsterinsights_skip_tracking":false,"_monsterinsights_sitenote_active":false,"_monsterinsights_sitenote_note":"","_monsterinsights_sitenote_category":0,"footnotes":""},"class_list":["post-1555","page","type-page","status-publish","hentry"],"acf":[],"yoast_head":"<!-- This site is optimized with the Yoast SEO plugin v27.3 - https:\/\/yoast.com\/product\/yoast-seo-wordpress\/ -->\n<title>Lista degli immobili salvati | Immobiliare Niederkofler<\/title>\n<meta name=\"description\" content=\"Cerchi i tuoi immobili salvati? Trova qui l&#039;elenco dei tuoi immobili preferiti sul nostro sito web - Immobiliare Niederkofler!\" \/>\n<meta name=\"robots\" content=\"noindex, follow\" \/>\n<meta property=\"og:locale\" content=\"it_IT\" \/>\n<meta property=\"og:type\" content=\"article\" \/>\n<meta property=\"og:title\" content=\"Lista degli immobili salvati | Immobiliare Niederkofler\" \/>\n<meta property=\"og:description\" content=\"Cerchi i tuoi immobili salvati? Trova qui l&#039;elenco dei tuoi immobili preferiti sul nostro sito web - Immobiliare Niederkofler!\" \/>\n<meta property=\"og:url\" content=\"https:\/\/www.immobil-niederkofler.it\/it\/ricerca_immobile\/watchlist\/\" \/>\n<meta property=\"og:site_name\" content=\"Immobilien Niederkofler\" \/>\n<meta property=\"article:publisher\" content=\"https:\/\/de-de.facebook.com\/ImmobilienNiederkofler\/\" \/>\n<meta property=\"article:modified_time\" content=\"2024-08-13T15:52:45+00:00\" \/>\n<meta property=\"og:image\" content=\"https:\/\/www.immobil-niederkofler.it\/wp-content\/uploads\/2020\/04\/logo.png\" \/>\n\t<meta property=\"og:image:width\" content=\"121\" \/>\n\t<meta property=\"og:image:height\" content=\"118\" \/>\n\t<meta property=\"og:image:type\" content=\"image\/png\" \/>\n<meta name=\"twitter:card\" content=\"summary_large_image\" \/>\n<script type=\"application\/ld+json\" class=\"yoast-schema-graph\">{\"@context\":\"https:\\\/\\\/schema.org\",\"@graph\":[{\"@type\":\"WebPage\",\"@id\":\"https:\\\/\\\/www.immobil-niederkofler.it\\\/it\\\/ricerca_immobile\\\/watchlist\\\/\",\"url\":\"https:\\\/\\\/www.immobil-niederkofler.it\\\/it\\\/ricerca_immobile\\\/watchlist\\\/\",\"name\":\"Lista degli immobili salvati | Immobiliare Niederkofler\",\"isPartOf\":{\"@id\":\"https:\\\/\\\/www.immobil-niederkofler.it\\\/it\\\/#website\"},\"datePublished\":\"2020-03-17T07:11:38+00:00\",\"dateModified\":\"2024-08-13T15:52:45+00:00\",\"description\":\"Cerchi i tuoi immobili salvati? Trova qui l'elenco dei tuoi immobili preferiti sul nostro sito web - Immobiliare Niederkofler!\",\"breadcrumb\":{\"@id\":\"https:\\\/\\\/www.immobil-niederkofler.it\\\/it\\\/ricerca_immobile\\\/watchlist\\\/#breadcrumb\"},\"inLanguage\":\"it-IT\",\"potentialAction\":[{\"@type\":\"ReadAction\",\"target\":[\"https:\\\/\\\/www.immobil-niederkofler.it\\\/it\\\/ricerca_immobile\\\/watchlist\\\/\"]}]},{\"@type\":\"BreadcrumbList\",\"@id\":\"https:\\\/\\\/www.immobil-niederkofler.it\\\/it\\\/ricerca_immobile\\\/watchlist\\\/#breadcrumb\",\"itemListElement\":[{\"@type\":\"ListItem\",\"position\":1,\"name\":\"Ricerca immobile\",\"item\":\"https:\\\/\\\/www.immobil-niederkofler.it\\\/it\\\/ricerca_immobile\\\/\"},{\"@type\":\"ListItem\",\"position\":2,\"name\":\"Watchlist\"}]},{\"@type\":\"WebSite\",\"@id\":\"https:\\\/\\\/www.immobil-niederkofler.it\\\/it\\\/#website\",\"url\":\"https:\\\/\\\/www.immobil-niederkofler.it\\\/it\\\/\",\"name\":\"Immobilien Niederkofler\",\"description\":\"Willkommen bei Immobilien Niederkofler, Ihrem zuverl\u00e4ssigen und kompetenten Immobilienmakler im sch\u00f6nen S\u00fcdtirol\",\"potentialAction\":[{\"@type\":\"SearchAction\",\"target\":{\"@type\":\"EntryPoint\",\"urlTemplate\":\"https:\\\/\\\/www.immobil-niederkofler.it\\\/it\\\/?s={search_term_string}\"},\"query-input\":{\"@type\":\"PropertyValueSpecification\",\"valueRequired\":true,\"valueName\":\"search_term_string\"}}],\"inLanguage\":\"it-IT\"}]}<\/script>\n<!-- \/ Yoast SEO plugin. -->","yoast_head_json":{"title":"Lista degli immobili salvati | Immobiliare Niederkofler","description":"Cerchi i tuoi immobili salvati? Trova qui l'elenco dei tuoi immobili preferiti sul nostro sito web - Immobiliare Niederkofler!","robots":{"index":"noindex","follow":"follow"},"og_locale":"it_IT","og_type":"article","og_title":"Lista degli immobili salvati | Immobiliare Niederkofler","og_description":"Cerchi i tuoi immobili salvati? Trova qui l'elenco dei tuoi immobili preferiti sul nostro sito web - Immobiliare Niederkofler!","og_url":"https:\/\/www.immobil-niederkofler.it\/it\/ricerca_immobile\/watchlist\/","og_site_name":"Immobilien Niederkofler","article_publisher":"https:\/\/de-de.facebook.com\/ImmobilienNiederkofler\/","article_modified_time":"2024-08-13T15:52:45+00:00","og_image":[{"width":121,"height":118,"url":"https:\/\/www.immobil-niederkofler.it\/wp-content\/uploads\/2020\/04\/logo.png","type":"image\/png"}],"twitter_card":"summary_large_image","schema":{"@context":"https:\/\/schema.org","@graph":[{"@type":"WebPage","@id":"https:\/\/www.immobil-niederkofler.it\/it\/ricerca_immobile\/watchlist\/","url":"https:\/\/www.immobil-niederkofler.it\/it\/ricerca_immobile\/watchlist\/","name":"Lista degli immobili salvati | Immobiliare Niederkofler","isPartOf":{"@id":"https:\/\/www.immobil-niederkofler.it\/it\/#website"},"datePublished":"2020-03-17T07:11:38+00:00","dateModified":"2024-08-13T15:52:45+00:00","description":"Cerchi i tuoi immobili salvati? Trova qui l'elenco dei tuoi immobili preferiti sul nostro sito web - Immobiliare Niederkofler!","breadcrumb":{"@id":"https:\/\/www.immobil-niederkofler.it\/it\/ricerca_immobile\/watchlist\/#breadcrumb"},"inLanguage":"it-IT","potentialAction":[{"@type":"ReadAction","target":["https:\/\/www.immobil-niederkofler.it\/it\/ricerca_immobile\/watchlist\/"]}]},{"@type":"BreadcrumbList","@id":"https:\/\/www.immobil-niederkofler.it\/it\/ricerca_immobile\/watchlist\/#breadcrumb","itemListElement":[{"@type":"ListItem","position":1,"name":"Ricerca immobile","item":"https:\/\/www.immobil-niederkofler.it\/it\/ricerca_immobile\/"},{"@type":"ListItem","position":2,"name":"Watchlist"}]},{"@type":"WebSite","@id":"https:\/\/www.immobil-niederkofler.it\/it\/#website","url":"https:\/\/www.immobil-niederkofler.it\/it\/","name":"Immobilien Niederkofler","description":"Willkommen bei Immobilien Niederkofler, Ihrem zuverl\u00e4ssigen und kompetenten Immobilienmakler im sch\u00f6nen S\u00fcdtirol","potentialAction":[{"@type":"SearchAction","target":{"@type":"EntryPoint","urlTemplate":"https:\/\/www.immobil-niederkofler.it\/it\/?s={search_term_string}"},"query-input":{"@type":"PropertyValueSpecification","valueRequired":true,"valueName":"search_term_string"}}],"inLanguage":"it-IT"}]}},"_links":{"self":[{"href":"https:\/\/www.immobil-niederkofler.it\/it\/wp-json\/wp\/v2\/pages\/1555","targetHints":{"allow":["GET"]}}],"collection":[{"href":"https:\/\/www.immobil-niederkofler.it\/it\/wp-json\/wp\/v2\/pages"}],"about":[{"href":"https:\/\/www.immobil-niederkofler.it\/it\/wp-json\/wp\/v2\/types\/page"}],"author":[{"embeddable":true,"href":"https:\/\/www.immobil-niederkofler.it\/it\/wp-json\/wp\/v2\/users\/4"}],"replies":[{"embeddable":true,"href":"https:\/\/www.immobil-niederkofler.it\/it\/wp-json\/wp\/v2\/comments?post=1555"}],"version-history":[{"count":1,"href":"https:\/\/www.immobil-niederkofler.it\/it\/wp-json\/wp\/v2\/pages\/1555\/revisions"}],"predecessor-version":[{"id":8608,"href":"https:\/\/www.immobil-niederkofler.it\/it\/wp-json\/wp\/v2\/pages\/1555\/revisions\/8608"}],"up":[{"embeddable":true,"href":"https:\/\/www.immobil-niederkofler.it\/it\/wp-json\/wp\/v2\/pages\/1625"}],"wp:attachment":[{"href":"https:\/\/www.immobil-niederkofler.it\/it\/wp-json\/wp\/v2\/media?parent=1555"}],"curies":[{"name":"wp","href":"https:\/\/api.w.org\/{rel}","templated":true}]}}