{"id":1550,"date":"2020-05-12T09:13:02","date_gmt":"2020-05-12T07:13:02","guid":{"rendered":"https:\/\/www.immobil-niederkofler.it\/suchauftrag\/"},"modified":"2025-04-08T14:18:12","modified_gmt":"2025-04-08T12:18:12","slug":"richiesta","status":"publish","type":"page","link":"https:\/\/www.immobil-niederkofler.it\/it\/richiesta\/","title":{"rendered":"Richiesta"},"content":{"rendered":"\t\t<div data-elementor-type=\"wp-page\" data-elementor-id=\"1550\" class=\"elementor elementor-1550 elementor-530\" data-elementor-post-type=\"page\">\n\t\t\t\t\t\t<section class=\"elementor-section elementor-top-section elementor-element elementor-element-ade2c1d elementor-section-boxed elementor-section-height-default elementor-section-height-default\" data-id=\"ade2c1d\" data-element_type=\"section\" data-e-type=\"section\">\n\t\t\t\t\t\t<div class=\"elementor-container elementor-column-gap-default\">\n\t\t\t\t\t<div class=\"elementor-column elementor-col-100 elementor-top-column elementor-element elementor-element-443bb7c\" data-id=\"443bb7c\" data-element_type=\"column\" data-e-type=\"column\">\n\t\t\t<div class=\"elementor-widget-wrap elementor-element-populated\">\n\t\t\t\t\t\t<div class=\"elementor-element elementor-element-620668c elementor-widget elementor-widget-h1-with-lines\" data-id=\"620668c\" data-element_type=\"widget\" data-e-type=\"widget\" data-widget_type=\"h1-with-lines.default\">\n\t\t\t\t<div class=\"elementor-widget-container\">\n\t\t\t\t\t\t\t<h1 class=\"site-title with-lines center\">\n            <span>Fai una richiesta personalizzata<\/span>\n        <\/h1>\n        \t\t\t\t<\/div>\n\t\t\t\t<\/div>\n\t\t\t\t\t<\/div>\n\t\t<\/div>\n\t\t\t\t\t<\/div>\n\t\t<\/section>\n\t\t\t\t<section class=\"elementor-section elementor-top-section elementor-element elementor-element-a4c865f elementor-section-boxed elementor-section-height-default elementor-section-height-default\" data-id=\"a4c865f\" data-element_type=\"section\" data-e-type=\"section\">\n\t\t\t\t\t\t<div class=\"elementor-container elementor-column-gap-default\">\n\t\t\t\t\t<div class=\"elementor-column elementor-col-100 elementor-top-column elementor-element elementor-element-073065b\" data-id=\"073065b\" data-element_type=\"column\" data-e-type=\"column\">\n\t\t\t<div class=\"elementor-widget-wrap elementor-element-populated\">\n\t\t\t\t\t\t<div class=\"elementor-element elementor-element-91a10cd elementor-widget elementor-widget-text-editor\" data-id=\"91a10cd\" data-element_type=\"widget\" data-e-type=\"widget\" data-widget_type=\"text-editor.default\">\n\t\t\t\t<div class=\"elementor-widget-container\">\n\t\t\t\t\t\t\t\t\t<div><div><div><div>Siete alla ricerca di una casa che rispecchi perfettamente le vostre esigenze e i vostri desideri? Immobiliare Niederkofler \u00e8 qui per aiutarvi!<\/div><div>Grazie all&#8217;<b>esperienza<\/b> e alla <b>competenza<\/b> dei nostri mediatori e collaboratori, accoglieremo la vostra <b>richiesta personalizzata<\/b> per permettervi di trovare l&#8217;immobile perfetto per voi.<\/div><div>I nostri professionisti immobiliari sono pronti ad <b>ascoltare attentamente le vostre necessit\u00e0.\u00a0<\/b>Se state cercando un appartamento in una zona specifica, uno chalet, un immobile ad uso commerciale o un terreno agricolo, faremo tutto il possibile per trovare la soluzione migliore.<\/div><div><b>Compilate e inviate il modulo di richiesta<\/b> sottostante con tutti i dettagli richiesti. Una volta ricevuto, il nostro team si metter\u00e0 subito al lavoro per individuare le opzioni disponibili che pi\u00f9 corrispondono alle vostre preferenze.<\/div><div>\u00a0<\/div><\/div><\/div><\/div>\t\t\t\t\t\t\t\t<\/div>\n\t\t\t\t<\/div>\n\t\t\t\t\t<\/div>\n\t\t<\/div>\n\t\t\t\t\t<\/div>\n\t\t<\/section>\n\t\t\t\t<section class=\"elementor-section elementor-top-section elementor-element elementor-element-e44d1fd elementor-section-boxed elementor-section-height-default elementor-section-height-default\" data-id=\"e44d1fd\" data-element_type=\"section\" data-e-type=\"section\" data-settings=\"{&quot;background_background&quot;:&quot;classic&quot;}\">\n\t\t\t\t\t\t<div class=\"elementor-container elementor-column-gap-default\">\n\t\t\t\t\t<div class=\"elementor-column elementor-col-100 elementor-top-column elementor-element elementor-element-586928d\" data-id=\"586928d\" data-element_type=\"column\" data-e-type=\"column\">\n\t\t\t<div class=\"elementor-widget-wrap\">\n\t\t\t\t\t\t\t<\/div>\n\t\t<\/div>\n\t\t\t\t\t<\/div>\n\t\t<\/section>\n\t\t\t\t<section class=\"elementor-section elementor-top-section elementor-element elementor-element-2b648c7 elementor-section-boxed elementor-section-height-default elementor-section-height-default\" data-id=\"2b648c7\" data-element_type=\"section\" data-e-type=\"section\">\n\t\t\t\t\t\t<div class=\"elementor-container elementor-column-gap-default\">\n\t\t\t\t\t<div class=\"elementor-column elementor-col-100 elementor-top-column elementor-element elementor-element-b465096\" data-id=\"b465096\" data-element_type=\"column\" data-e-type=\"column\">\n\t\t\t<div class=\"elementor-widget-wrap elementor-element-populated\">\n\t\t\t\t\t\t<div class=\"elementor-element elementor-element-10b450a elementor-widget elementor-widget-spacer\" data-id=\"10b450a\" data-element_type=\"widget\" data-e-type=\"widget\" data-widget_type=\"spacer.default\">\n\t\t\t\t<div class=\"elementor-widget-container\">\n\t\t\t\t\t\t\t<div class=\"elementor-spacer\">\n\t\t\t<div class=\"elementor-spacer-inner\"><\/div>\n\t\t<\/div>\n\t\t\t\t\t\t<\/div>\n\t\t\t\t<\/div>\n\t\t\t\t<div class=\"elementor-element elementor-element-6444cfd elementor-widget elementor-widget-h2-with-lines\" data-id=\"6444cfd\" data-element_type=\"widget\" data-e-type=\"widget\" data-widget_type=\"h2-with-lines.default\">\n\t\t\t\t<div class=\"elementor-widget-container\">\n\t\t\t\t\t\t\t<h2 class=\"site-title no-lines center\">\n            <span>Richiesta<\/span>\n        <\/h2>\n        \t\t\t\t<\/div>\n\t\t\t\t<\/div>\n\t\t\t\t\t<\/div>\n\t\t<\/div>\n\t\t\t\t\t<\/div>\n\t\t<\/section>\n\t\t\t\t<section class=\"elementor-section elementor-top-section elementor-element elementor-element-ae6ef3d elementor-section-full_width elementor-section-height-default elementor-section-height-default\" data-id=\"ae6ef3d\" data-element_type=\"section\" data-e-type=\"section\">\n\t\t\t\t\t\t<div class=\"elementor-container elementor-column-gap-default\">\n\t\t\t\t\t<div class=\"elementor-column elementor-col-100 elementor-top-column elementor-element elementor-element-c78e67b\" data-id=\"c78e67b\" data-element_type=\"column\" data-e-type=\"column\">\n\t\t\t<div class=\"elementor-widget-wrap elementor-element-populated\">\n\t\t\t\t\t\t<div class=\"elementor-element elementor-element-7f8489f elementor-widget elementor-widget-html\" data-id=\"7f8489f\" data-element_type=\"widget\" data-e-type=\"widget\" data-widget_type=\"html.default\">\n\t\t\t\t<div class=\"elementor-widget-container\">\n\t\t\t\t\t<script type=\"text\/javascript\" src=\"https:\/\/res.onoffice.de\/template\/std-obj\/jscript\/jquery-1.8.3.min.js\"><\/script>\n<script type=\"text\/javascript\" src=\"https:\/\/res.onoffice.de\/template\/repository\/iframeresizer\/iframeResizer.min.js\"><\/script>\n<iframe src=\"https:\/\/smartsite2.myonoffice.de\/kunden\/immobilienniederkofler\/105\/interessentenformular.xhtml?language=ITA\" class=\"ooiframe\" id=\"ooimmoframe\" name=\"ooimmoframe\" width=\"100%\" height=\"1000\" scrolling=\"no\" frameborder=\"0\" marginheight=\"0px\" marginwidth=\"0px\"><\/iframe>\n<script type=\"text\/javascript\" src=\"https:\/\/res.onoffice.de\/template\/repository\/iframeresizer\/ooiframe-noscroll.js\"><\/script>\t\t\t\t<\/div>\n\t\t\t\t<\/div>\n\t\t\t\t\t<\/div>\n\t\t<\/div>\n\t\t\t\t\t<\/div>\n\t\t<\/section>\n\t\t\t\t<section class=\"elementor-section elementor-top-section elementor-element elementor-element-7e59877 elementor-section-full_width elementor-section-height-default elementor-section-height-default\" data-id=\"7e59877\" data-element_type=\"section\" data-e-type=\"section\" data-settings=\"{&quot;background_background&quot;:&quot;classic&quot;}\">\n\t\t\t\t\t\t<div class=\"elementor-container elementor-column-gap-default\">\n\t\t\t\t\t<div class=\"elementor-column elementor-col-100 elementor-top-column elementor-element elementor-element-440b091\" data-id=\"440b091\" data-element_type=\"column\" data-e-type=\"column\">\n\t\t\t<div class=\"elementor-widget-wrap elementor-element-populated\">\n\t\t\t\t\t\t<div class=\"elementor-element elementor-element-7930925 elementor-widget elementor-widget-h2-with-lines\" data-id=\"7930925\" data-element_type=\"widget\" data-e-type=\"widget\" data-widget_type=\"h2-with-lines.default\">\n\t\t\t\t<div class=\"elementor-widget-container\">\n\t\t\t\t\t\t\t<h2 class=\"site-title no-lines center\">\n            <span>Contattateci<\/span>\n        <\/h2>\n        \t\t\t\t<\/div>\n\t\t\t\t<\/div>\n\t\t\t\t<div class=\"elementor-element elementor-element-5703187 elementor-widget elementor-widget-text-editor\" data-id=\"5703187\" data-element_type=\"widget\" data-e-type=\"widget\" data-widget_type=\"text-editor.default\">\n\t\t\t\t<div class=\"elementor-widget-container\">\n\t\t\t\t\t\t\t\t\t<p style=\"text-align: justify;\">Qualunque siano le vostre esigenze, non esitate a contattarci! Ci troverete presso&nbsp;<a href=\"http:\/\/www.immobil\" target=\"_blank\" rel=\"noopener\">i <\/a><a href=\"https:\/\/www.immobil-niederkofler.it\/it\/sedi\/\">nostri uffici<\/a>&nbsp;<b>a Brunico, Bolzano, Monguelfo o Campo Tures<\/b> oppure tramite telefono o e-mail.&nbsp;<\/p>\n<p style=\"text-align: justify;\"><span style=\"font-family: MartelSans, sans-serif; font-size: 17px; font-weight: 300;\">Siamo pronti ad accompagnarvi in questo importante passo verso la ricerca della vostra casa ideale.<\/span><\/p>\t\t\t\t\t\t\t\t<\/div>\n\t\t\t\t<\/div>\n\t\t\t\t\t<\/div>\n\t\t<\/div>\n\t\t\t\t\t<\/div>\n\t\t<\/section>\n\t\t\t\t<\/div>\n\t\t","protected":false},"excerpt":{"rendered":"<p>Fai una richiesta personalizzata Siete alla ricerca di una casa che rispecchi perfettamente le vostre esigenze e i vostri desideri? Immobiliare Niederkofler \u00e8 qui per aiutarvi!Grazie all&#8217;esperienza e alla competenza dei nostri mediatori e collaboratori, accoglieremo la vostra richiesta personalizzata per permettervi di trovare l&#8217;immobile perfetto per voi.I nostri professionisti immobiliari sono pronti ad ascoltare [&hellip;]<\/p>\n","protected":false},"author":4,"featured_media":0,"parent":0,"menu_order":0,"comment_status":"closed","ping_status":"closed","template":"","meta":{"_acf_changed":false,"_monsterinsights_skip_tracking":false,"_monsterinsights_sitenote_active":false,"_monsterinsights_sitenote_note":"","_monsterinsights_sitenote_category":0,"footnotes":""},"class_list":["post-1550","page","type-page","status-publish","hentry"],"acf":[],"yoast_head":"<!-- This site is optimized with the Yoast SEO plugin v27.5 - https:\/\/yoast.com\/product\/yoast-seo-wordpress\/ -->\n<title>Fai una richiesta - Immobiliare Niederkofler<\/title>\n<meta name=\"description\" content=\"Hai una richiesta particolare? Compila e invia il form dedicato: i nostri esperti ti risponderanno nel minor tempo possibile. Clicca qui!\" \/>\n<meta name=\"robots\" content=\"index, follow, max-snippet:-1, max-image-preview:large, max-video-preview:-1\" \/>\n<link rel=\"canonical\" href=\"https:\/\/www.immobil-niederkofler.it\/it\/richiesta\/\" \/>\n<meta property=\"og:locale\" content=\"it_IT\" \/>\n<meta property=\"og:type\" content=\"article\" \/>\n<meta property=\"og:title\" content=\"Fai una richiesta - Immobiliare Niederkofler\" \/>\n<meta property=\"og:description\" content=\"Hai una richiesta particolare? Compila e invia il form dedicato: i nostri esperti ti risponderanno nel minor tempo possibile. Clicca qui!\" \/>\n<meta property=\"og:url\" content=\"https:\/\/www.immobil-niederkofler.it\/it\/richiesta\/\" \/>\n<meta property=\"og:site_name\" content=\"Immobilien Niederkofler\" \/>\n<meta property=\"article:publisher\" content=\"https:\/\/de-de.facebook.com\/ImmobilienNiederkofler\/\" \/>\n<meta property=\"article:modified_time\" content=\"2025-04-08T12:18:12+00:00\" \/>\n<meta property=\"og:image\" content=\"https:\/\/www.immobil-niederkofler.it\/wp-content\/uploads\/2020\/04\/logo.png\" \/>\n\t<meta property=\"og:image:width\" content=\"121\" \/>\n\t<meta property=\"og:image:height\" content=\"118\" \/>\n\t<meta property=\"og:image:type\" content=\"image\/png\" \/>\n<meta name=\"twitter:card\" content=\"summary_large_image\" \/>\n<meta name=\"twitter:label1\" content=\"Tempo di lettura stimato\" \/>\n\t<meta name=\"twitter:data1\" content=\"1 minuto\" \/>\n<script type=\"application\/ld+json\" class=\"yoast-schema-graph\">{\"@context\":\"https:\\\/\\\/schema.org\",\"@graph\":[{\"@type\":\"WebPage\",\"@id\":\"https:\\\/\\\/www.immobil-niederkofler.it\\\/it\\\/richiesta\\\/\",\"url\":\"https:\\\/\\\/www.immobil-niederkofler.it\\\/it\\\/richiesta\\\/\",\"name\":\"Fai una richiesta - Immobiliare Niederkofler\",\"isPartOf\":{\"@id\":\"https:\\\/\\\/www.immobil-niederkofler.it\\\/it\\\/#website\"},\"datePublished\":\"2020-05-12T07:13:02+00:00\",\"dateModified\":\"2025-04-08T12:18:12+00:00\",\"description\":\"Hai una richiesta particolare? Compila e invia il form dedicato: i nostri esperti ti risponderanno nel minor tempo possibile. Clicca qui!\",\"inLanguage\":\"it-IT\",\"potentialAction\":[{\"@type\":\"ReadAction\",\"target\":[\"https:\\\/\\\/www.immobil-niederkofler.it\\\/it\\\/richiesta\\\/\"]}]},{\"@type\":\"WebSite\",\"@id\":\"https:\\\/\\\/www.immobil-niederkofler.it\\\/it\\\/#website\",\"url\":\"https:\\\/\\\/www.immobil-niederkofler.it\\\/it\\\/\",\"name\":\"Immobilien Niederkofler\",\"description\":\"Willkommen bei Immobilien Niederkofler, Ihrem zuverl\u00e4ssigen und kompetenten Immobilienmakler im sch\u00f6nen S\u00fcdtirol\",\"potentialAction\":[{\"@type\":\"SearchAction\",\"target\":{\"@type\":\"EntryPoint\",\"urlTemplate\":\"https:\\\/\\\/www.immobil-niederkofler.it\\\/it\\\/?s={search_term_string}\"},\"query-input\":{\"@type\":\"PropertyValueSpecification\",\"valueRequired\":true,\"valueName\":\"search_term_string\"}}],\"inLanguage\":\"it-IT\"}]}<\/script>\n<!-- \/ Yoast SEO plugin. -->","yoast_head_json":{"title":"Fai una richiesta - Immobiliare Niederkofler","description":"Hai una richiesta particolare? Compila e invia il form dedicato: i nostri esperti ti risponderanno nel minor tempo possibile. Clicca qui!","robots":{"index":"index","follow":"follow","max-snippet":"max-snippet:-1","max-image-preview":"max-image-preview:large","max-video-preview":"max-video-preview:-1"},"canonical":"https:\/\/www.immobil-niederkofler.it\/it\/richiesta\/","og_locale":"it_IT","og_type":"article","og_title":"Fai una richiesta - Immobiliare Niederkofler","og_description":"Hai una richiesta particolare? Compila e invia il form dedicato: i nostri esperti ti risponderanno nel minor tempo possibile. Clicca qui!","og_url":"https:\/\/www.immobil-niederkofler.it\/it\/richiesta\/","og_site_name":"Immobilien Niederkofler","article_publisher":"https:\/\/de-de.facebook.com\/ImmobilienNiederkofler\/","article_modified_time":"2025-04-08T12:18:12+00:00","og_image":[{"width":121,"height":118,"url":"https:\/\/www.immobil-niederkofler.it\/wp-content\/uploads\/2020\/04\/logo.png","type":"image\/png"}],"twitter_card":"summary_large_image","twitter_misc":{"Tempo di lettura stimato":"1 minuto"},"schema":{"@context":"https:\/\/schema.org","@graph":[{"@type":"WebPage","@id":"https:\/\/www.immobil-niederkofler.it\/it\/richiesta\/","url":"https:\/\/www.immobil-niederkofler.it\/it\/richiesta\/","name":"Fai una richiesta - Immobiliare Niederkofler","isPartOf":{"@id":"https:\/\/www.immobil-niederkofler.it\/it\/#website"},"datePublished":"2020-05-12T07:13:02+00:00","dateModified":"2025-04-08T12:18:12+00:00","description":"Hai una richiesta particolare? Compila e invia il form dedicato: i nostri esperti ti risponderanno nel minor tempo possibile. Clicca qui!","inLanguage":"it-IT","potentialAction":[{"@type":"ReadAction","target":["https:\/\/www.immobil-niederkofler.it\/it\/richiesta\/"]}]},{"@type":"WebSite","@id":"https:\/\/www.immobil-niederkofler.it\/it\/#website","url":"https:\/\/www.immobil-niederkofler.it\/it\/","name":"Immobilien Niederkofler","description":"Willkommen bei Immobilien Niederkofler, Ihrem zuverl\u00e4ssigen und kompetenten Immobilienmakler im sch\u00f6nen S\u00fcdtirol","potentialAction":[{"@type":"SearchAction","target":{"@type":"EntryPoint","urlTemplate":"https:\/\/www.immobil-niederkofler.it\/it\/?s={search_term_string}"},"query-input":{"@type":"PropertyValueSpecification","valueRequired":true,"valueName":"search_term_string"}}],"inLanguage":"it-IT"}]}},"_links":{"self":[{"href":"https:\/\/www.immobil-niederkofler.it\/it\/wp-json\/wp\/v2\/pages\/1550","targetHints":{"allow":["GET"]}}],"collection":[{"href":"https:\/\/www.immobil-niederkofler.it\/it\/wp-json\/wp\/v2\/pages"}],"about":[{"href":"https:\/\/www.immobil-niederkofler.it\/it\/wp-json\/wp\/v2\/types\/page"}],"author":[{"embeddable":true,"href":"https:\/\/www.immobil-niederkofler.it\/it\/wp-json\/wp\/v2\/users\/4"}],"replies":[{"embeddable":true,"href":"https:\/\/www.immobil-niederkofler.it\/it\/wp-json\/wp\/v2\/comments?post=1550"}],"version-history":[{"count":27,"href":"https:\/\/www.immobil-niederkofler.it\/it\/wp-json\/wp\/v2\/pages\/1550\/revisions"}],"predecessor-version":[{"id":9848,"href":"https:\/\/www.immobil-niederkofler.it\/it\/wp-json\/wp\/v2\/pages\/1550\/revisions\/9848"}],"wp:attachment":[{"href":"https:\/\/www.immobil-niederkofler.it\/it\/wp-json\/wp\/v2\/media?parent=1550"}],"curies":[{"name":"wp","href":"https:\/\/api.w.org\/{rel}","templated":true}]}}