{"id":7224,"date":"2021-11-09T11:20:09","date_gmt":"2021-11-09T10:20:09","guid":{"rendered":"https:\/\/www.immobil-niederkofler.it\/?page_id=7224"},"modified":"2021-11-09T11:24:33","modified_gmt":"2021-11-09T10:24:33","slug":"maklervereinigung","status":"publish","type":"page","link":"https:\/\/www.immobil-niederkofler.it\/en\/about-us\/maklervereinigung\/","title":{"rendered":"Real Estate Agents Association"},"content":{"rendered":"\t\t<div data-elementor-type=\"wp-page\" data-elementor-id=\"7224\" class=\"elementor elementor-7224\" data-elementor-post-type=\"page\">\n\t\t\t\t\t\t<section class=\"elementor-section elementor-top-section elementor-element elementor-element-3ebdd84 elementor-section-full_width elementor-section-height-default elementor-section-height-default\" data-id=\"3ebdd84\" data-element_type=\"section\" data-e-type=\"section\">\n\t\t\t\t\t\t<div class=\"elementor-container elementor-column-gap-default\">\n\t\t\t\t\t<div class=\"elementor-column elementor-col-100 elementor-top-column elementor-element elementor-element-fe8cc64\" data-id=\"fe8cc64\" data-element_type=\"column\" data-e-type=\"column\">\n\t\t\t<div class=\"elementor-widget-wrap elementor-element-populated\">\n\t\t\t\t\t\t<div class=\"elementor-element elementor-element-ba9088f elementor-widget elementor-widget-h1-with-lines\" data-id=\"ba9088f\" data-element_type=\"widget\" data-e-type=\"widget\" data-widget_type=\"h1-with-lines.default\">\n\t\t\t\t<div class=\"elementor-widget-container\">\n\t\t\t\t\t\t\t<h1 class=\"site-title with-lines center\">\n            <span>Real Estate Agents Association<\/span>\n        <\/h1>\n        \t\t\t\t<\/div>\n\t\t\t\t<\/div>\n\t\t\t\t\t<\/div>\n\t\t<\/div>\n\t\t\t\t\t<\/div>\n\t\t<\/section>\n\t\t\t\t<section class=\"elementor-section elementor-top-section elementor-element elementor-element-cc1d189 elementor-section-boxed elementor-section-height-default elementor-section-height-default\" data-id=\"cc1d189\" data-element_type=\"section\" data-e-type=\"section\">\n\t\t\t\t\t\t<div class=\"elementor-container elementor-column-gap-default\">\n\t\t\t\t\t<div class=\"elementor-column elementor-col-100 elementor-top-column elementor-element elementor-element-2a894fb\" data-id=\"2a894fb\" data-element_type=\"column\" data-e-type=\"column\">\n\t\t\t<div class=\"elementor-widget-wrap elementor-element-populated\">\n\t\t\t\t\t\t\t<\/div>\n\t\t<\/div>\n\t\t\t\t\t<\/div>\n\t\t<\/section>\n\t\t\t\t<\/div>\n\t\t","protected":false},"excerpt":{"rendered":"<p>Real Estate Agents Association<\/p>\n","protected":false},"author":4,"featured_media":0,"parent":1655,"menu_order":0,"comment_status":"closed","ping_status":"closed","template":"","meta":{"_acf_changed":false,"_monsterinsights_skip_tracking":false,"_monsterinsights_sitenote_active":false,"_monsterinsights_sitenote_note":"","_monsterinsights_sitenote_category":0,"footnotes":""},"class_list":["post-7224","page","type-page","status-publish","hentry"],"acf":[],"yoast_head":"<!-- This site is optimized with the Yoast SEO plugin v27.5 - https:\/\/yoast.com\/product\/yoast-seo-wordpress\/ -->\n<title>Real Estate Agents Association - Immobilien Niederkofler<\/title>\n<meta name=\"robots\" content=\"index, follow, max-snippet:-1, max-image-preview:large, max-video-preview:-1\" \/>\n<link rel=\"canonical\" href=\"https:\/\/www.immobil-niederkofler.it\/en\/about-us\/maklervereinigung\/\" \/>\n<meta property=\"og:locale\" content=\"en_US\" \/>\n<meta property=\"og:type\" content=\"article\" \/>\n<meta property=\"og:title\" content=\"Real Estate Agents Association - Immobilien Niederkofler\" \/>\n<meta property=\"og:description\" content=\"Real Estate Agents Association\" \/>\n<meta property=\"og:url\" content=\"https:\/\/www.immobil-niederkofler.it\/en\/about-us\/maklervereinigung\/\" \/>\n<meta property=\"og:site_name\" content=\"Immobilien Niederkofler\" \/>\n<meta property=\"article:publisher\" content=\"https:\/\/de-de.facebook.com\/ImmobilienNiederkofler\/\" \/>\n<meta property=\"article:modified_time\" content=\"2021-11-09T10:24:33+00:00\" \/>\n<meta property=\"og:image\" content=\"https:\/\/www.immobil-niederkofler.it\/wp-content\/uploads\/2020\/04\/logo.png\" \/>\n\t<meta property=\"og:image:width\" content=\"121\" \/>\n\t<meta property=\"og:image:height\" content=\"118\" \/>\n\t<meta property=\"og:image:type\" content=\"image\/png\" \/>\n<meta name=\"twitter:card\" content=\"summary_large_image\" \/>\n<meta name=\"twitter:label1\" content=\"Est. reading time\" \/>\n\t<meta name=\"twitter:data1\" content=\"1 minute\" \/>\n<script type=\"application\/ld+json\" class=\"yoast-schema-graph\">{\"@context\":\"https:\\\/\\\/schema.org\",\"@graph\":[{\"@type\":\"WebPage\",\"@id\":\"https:\\\/\\\/www.immobil-niederkofler.it\\\/en\\\/about-us\\\/maklervereinigung\\\/\",\"url\":\"https:\\\/\\\/www.immobil-niederkofler.it\\\/en\\\/about-us\\\/maklervereinigung\\\/\",\"name\":\"Real Estate Agents Association - Immobilien Niederkofler\",\"isPartOf\":{\"@id\":\"https:\\\/\\\/www.immobil-niederkofler.it\\\/en\\\/#website\"},\"datePublished\":\"2021-11-09T10:20:09+00:00\",\"dateModified\":\"2021-11-09T10:24:33+00:00\",\"breadcrumb\":{\"@id\":\"https:\\\/\\\/www.immobil-niederkofler.it\\\/en\\\/about-us\\\/maklervereinigung\\\/#breadcrumb\"},\"inLanguage\":\"en-US\",\"potentialAction\":[{\"@type\":\"ReadAction\",\"target\":[\"https:\\\/\\\/www.immobil-niederkofler.it\\\/en\\\/about-us\\\/maklervereinigung\\\/\"]}]},{\"@type\":\"BreadcrumbList\",\"@id\":\"https:\\\/\\\/www.immobil-niederkofler.it\\\/en\\\/about-us\\\/maklervereinigung\\\/#breadcrumb\",\"itemListElement\":[{\"@type\":\"ListItem\",\"position\":1,\"name\":\"About us\",\"item\":\"https:\\\/\\\/www.immobil-niederkofler.it\\\/en\\\/about-us\\\/\"},{\"@type\":\"ListItem\",\"position\":2,\"name\":\"Real Estate Agents Association\"}]},{\"@type\":\"WebSite\",\"@id\":\"https:\\\/\\\/www.immobil-niederkofler.it\\\/en\\\/#website\",\"url\":\"https:\\\/\\\/www.immobil-niederkofler.it\\\/en\\\/\",\"name\":\"Immobilien Niederkofler\",\"description\":\"Willkommen bei Immobilien Niederkofler, Ihrem zuverl\u00e4ssigen und kompetenten Immobilienmakler im sch\u00f6nen S\u00fcdtirol\",\"potentialAction\":[{\"@type\":\"SearchAction\",\"target\":{\"@type\":\"EntryPoint\",\"urlTemplate\":\"https:\\\/\\\/www.immobil-niederkofler.it\\\/en\\\/?s={search_term_string}\"},\"query-input\":{\"@type\":\"PropertyValueSpecification\",\"valueRequired\":true,\"valueName\":\"search_term_string\"}}],\"inLanguage\":\"en-US\"}]}<\/script>\n<!-- \/ Yoast SEO plugin. -->","yoast_head_json":{"title":"Real Estate Agents Association - Immobilien Niederkofler","robots":{"index":"index","follow":"follow","max-snippet":"max-snippet:-1","max-image-preview":"max-image-preview:large","max-video-preview":"max-video-preview:-1"},"canonical":"https:\/\/www.immobil-niederkofler.it\/en\/about-us\/maklervereinigung\/","og_locale":"en_US","og_type":"article","og_title":"Real Estate Agents Association - Immobilien Niederkofler","og_description":"Real Estate Agents Association","og_url":"https:\/\/www.immobil-niederkofler.it\/en\/about-us\/maklervereinigung\/","og_site_name":"Immobilien Niederkofler","article_publisher":"https:\/\/de-de.facebook.com\/ImmobilienNiederkofler\/","article_modified_time":"2021-11-09T10:24:33+00:00","og_image":[{"width":121,"height":118,"url":"https:\/\/www.immobil-niederkofler.it\/wp-content\/uploads\/2020\/04\/logo.png","type":"image\/png"}],"twitter_card":"summary_large_image","twitter_misc":{"Est. reading time":"1 minute"},"schema":{"@context":"https:\/\/schema.org","@graph":[{"@type":"WebPage","@id":"https:\/\/www.immobil-niederkofler.it\/en\/about-us\/maklervereinigung\/","url":"https:\/\/www.immobil-niederkofler.it\/en\/about-us\/maklervereinigung\/","name":"Real Estate Agents Association - Immobilien Niederkofler","isPartOf":{"@id":"https:\/\/www.immobil-niederkofler.it\/en\/#website"},"datePublished":"2021-11-09T10:20:09+00:00","dateModified":"2021-11-09T10:24:33+00:00","breadcrumb":{"@id":"https:\/\/www.immobil-niederkofler.it\/en\/about-us\/maklervereinigung\/#breadcrumb"},"inLanguage":"en-US","potentialAction":[{"@type":"ReadAction","target":["https:\/\/www.immobil-niederkofler.it\/en\/about-us\/maklervereinigung\/"]}]},{"@type":"BreadcrumbList","@id":"https:\/\/www.immobil-niederkofler.it\/en\/about-us\/maklervereinigung\/#breadcrumb","itemListElement":[{"@type":"ListItem","position":1,"name":"About us","item":"https:\/\/www.immobil-niederkofler.it\/en\/about-us\/"},{"@type":"ListItem","position":2,"name":"Real Estate Agents Association"}]},{"@type":"WebSite","@id":"https:\/\/www.immobil-niederkofler.it\/en\/#website","url":"https:\/\/www.immobil-niederkofler.it\/en\/","name":"Immobilien Niederkofler","description":"Willkommen bei Immobilien Niederkofler, Ihrem zuverl\u00e4ssigen und kompetenten Immobilienmakler im sch\u00f6nen S\u00fcdtirol","potentialAction":[{"@type":"SearchAction","target":{"@type":"EntryPoint","urlTemplate":"https:\/\/www.immobil-niederkofler.it\/en\/?s={search_term_string}"},"query-input":{"@type":"PropertyValueSpecification","valueRequired":true,"valueName":"search_term_string"}}],"inLanguage":"en-US"}]}},"_links":{"self":[{"href":"https:\/\/www.immobil-niederkofler.it\/en\/wp-json\/wp\/v2\/pages\/7224","targetHints":{"allow":["GET"]}}],"collection":[{"href":"https:\/\/www.immobil-niederkofler.it\/en\/wp-json\/wp\/v2\/pages"}],"about":[{"href":"https:\/\/www.immobil-niederkofler.it\/en\/wp-json\/wp\/v2\/types\/page"}],"author":[{"embeddable":true,"href":"https:\/\/www.immobil-niederkofler.it\/en\/wp-json\/wp\/v2\/users\/4"}],"replies":[{"embeddable":true,"href":"https:\/\/www.immobil-niederkofler.it\/en\/wp-json\/wp\/v2\/comments?post=7224"}],"version-history":[{"count":12,"href":"https:\/\/www.immobil-niederkofler.it\/en\/wp-json\/wp\/v2\/pages\/7224\/revisions"}],"predecessor-version":[{"id":7242,"href":"https:\/\/www.immobil-niederkofler.it\/en\/wp-json\/wp\/v2\/pages\/7224\/revisions\/7242"}],"up":[{"embeddable":true,"href":"https:\/\/www.immobil-niederkofler.it\/en\/wp-json\/wp\/v2\/pages\/1655"}],"wp:attachment":[{"href":"https:\/\/www.immobil-niederkofler.it\/en\/wp-json\/wp\/v2\/media?parent=7224"}],"curies":[{"name":"wp","href":"https:\/\/api.w.org\/{rel}","templated":true}]}}