{"id":1554,"date":"2020-04-30T09:39:43","date_gmt":"2020-04-30T07:39:43","guid":{"rendered":"https:\/\/www.immobil-niederkofler.it\/impressum\/"},"modified":"2024-01-16T15:00:48","modified_gmt":"2024-01-16T14:00:48","slug":"imprint","status":"publish","type":"page","link":"https:\/\/www.immobil-niederkofler.it\/en\/imprint\/","title":{"rendered":"Imprint"},"content":{"rendered":"\t\t<div data-elementor-type=\"wp-page\" data-elementor-id=\"1554\" class=\"elementor elementor-1554 elementor-525\" data-elementor-post-type=\"page\">\n\t\t\t\t\t\t<section class=\"elementor-section elementor-top-section elementor-element elementor-element-0bdacbd elementor-section-boxed elementor-section-height-default elementor-section-height-default\" data-id=\"0bdacbd\" data-element_type=\"section\" data-e-type=\"section\">\n\t\t\t\t\t\t<div class=\"elementor-container elementor-column-gap-default\">\n\t\t\t\t\t<div class=\"elementor-column elementor-col-100 elementor-top-column elementor-element elementor-element-2b50380\" data-id=\"2b50380\" data-element_type=\"column\" data-e-type=\"column\">\n\t\t\t<div class=\"elementor-widget-wrap elementor-element-populated\">\n\t\t\t\t\t\t<div class=\"elementor-element elementor-element-204f9cb elementor-widget elementor-widget-h1-with-lines\" data-id=\"204f9cb\" data-element_type=\"widget\" data-e-type=\"widget\" data-widget_type=\"h1-with-lines.default\">\n\t\t\t\t<div class=\"elementor-widget-container\">\n\t\t\t\t\t\t\t<h1 class=\"site-title with-lines center\">\n            <span>Imprint<\/span>\n        <\/h1>\n        \t\t\t\t<\/div>\n\t\t\t\t<\/div>\n\t\t\t\t\t<\/div>\n\t\t<\/div>\n\t\t\t\t\t<\/div>\n\t\t<\/section>\n\t\t\t\t<section class=\"elementor-section elementor-top-section elementor-element elementor-element-cf2bf57 elementor-section-boxed elementor-section-height-default elementor-section-height-default\" data-id=\"cf2bf57\" data-element_type=\"section\" data-e-type=\"section\">\n\t\t\t\t\t\t<div class=\"elementor-container elementor-column-gap-default\">\n\t\t\t\t\t<div class=\"elementor-column elementor-col-100 elementor-top-column elementor-element elementor-element-8ab4efd\" data-id=\"8ab4efd\" data-element_type=\"column\" data-e-type=\"column\">\n\t\t\t<div class=\"elementor-widget-wrap elementor-element-populated\">\n\t\t\t\t\t\t<div class=\"elementor-element elementor-element-7aa1d47 elementor-widget elementor-widget-text-editor\" data-id=\"7aa1d47\" data-element_type=\"widget\" data-e-type=\"widget\" data-widget_type=\"text-editor.default\">\n\t\t\t\t<div class=\"elementor-widget-container\">\n\t\t\t\t\t\t\t\t\t<h3>Real Estate Niederkofler Ltd<\/h3><p style=\"text-align: left;\">Via Galileo Galilei 6 <br \/>39031 Brunico (BZ) <br \/>Tel. +39 0474 410 400 <br \/>Fax +39 0474 411 189 <br \/>Mail: info@immobil-niederkofler.it<br \/>PEC: immobillien-niederkofler@legalmail.it<br \/>https:\/\/www.immobil-niederkofler.it<\/p><p style=\"text-align: left;\">Partita IVA 01737510212 <br \/>Numero iscrizione camera di commercio BZ-161000 <br \/>Capitale sociale interamente versato Euro 20.000 <br \/>Rappresentante legale: Dr. Andre\u0300-Benedict Niederkofler <br \/>Responsabile per contenuti e diritti di stampa: Dr. Andre\u0300-Benedict Niederkofler <br \/>Concetto e design: onoffice GmbH <br \/>Realizazzione e hosting: onOffice GmbH <\/p>\t\t\t\t\t\t\t\t<\/div>\n\t\t\t\t<\/div>\n\t\t\t\t\t<\/div>\n\t\t<\/div>\n\t\t\t\t\t<\/div>\n\t\t<\/section>\n\t\t\t\t<\/div>\n\t\t","protected":false},"excerpt":{"rendered":"<p>Imprint Real Estate Niederkofler Ltd Via Galileo Galilei 6 39031 Brunico (BZ) Tel. +39 0474 410 400 Fax +39 0474 411 189 Mail: info@immobil-niederkofler.itPEC: immobillien-niederkofler@legalmail.ithttps:\/\/www.immobil-niederkofler.it Partita IVA 01737510212 Numero iscrizione camera di commercio BZ-161000 Capitale sociale interamente versato Euro 20.000 Rappresentante legale: Dr. Andre\u0300-Benedict Niederkofler Responsabile per contenuti e diritti di stampa: Dr. Andre\u0300-Benedict Niederkofler [&hellip;]<\/p>\n","protected":false},"author":4,"featured_media":0,"parent":0,"menu_order":0,"comment_status":"closed","ping_status":"closed","template":"","meta":{"_acf_changed":false,"_monsterinsights_skip_tracking":false,"_monsterinsights_sitenote_active":false,"_monsterinsights_sitenote_note":"","_monsterinsights_sitenote_category":0,"footnotes":""},"class_list":["post-1554","page","type-page","status-publish","hentry"],"acf":[],"yoast_head":"<!-- This site is optimized with the Yoast SEO plugin v27.5 - https:\/\/yoast.com\/product\/yoast-seo-wordpress\/ -->\n<title>Imprint - Immobilien Niederkofler<\/title>\n<meta name=\"robots\" content=\"index, follow, max-snippet:-1, max-image-preview:large, max-video-preview:-1\" \/>\n<link rel=\"canonical\" href=\"https:\/\/www.immobil-niederkofler.it\/en\/imprint\/\" \/>\n<meta property=\"og:locale\" content=\"en_US\" \/>\n<meta property=\"og:type\" content=\"article\" \/>\n<meta property=\"og:title\" content=\"Imprint - Immobilien Niederkofler\" \/>\n<meta property=\"og:description\" content=\"Imprint Real Estate Niederkofler Ltd Via Galileo Galilei 6 39031 Brunico (BZ) Tel. +39 0474 410 400 Fax +39 0474 411 189 Mail: info@immobil-niederkofler.itPEC: immobillien-niederkofler@legalmail.ithttps:\/\/www.immobil-niederkofler.it Partita IVA 01737510212 Numero iscrizione camera di commercio BZ-161000 Capitale sociale interamente versato Euro 20.000 Rappresentante legale: Dr. Andre\u0300-Benedict Niederkofler Responsabile per contenuti e diritti di stampa: Dr. Andre\u0300-Benedict Niederkofler [&hellip;]\" \/>\n<meta property=\"og:url\" content=\"https:\/\/www.immobil-niederkofler.it\/en\/imprint\/\" \/>\n<meta property=\"og:site_name\" content=\"Immobilien Niederkofler\" \/>\n<meta property=\"article:publisher\" content=\"https:\/\/de-de.facebook.com\/ImmobilienNiederkofler\/\" \/>\n<meta property=\"article:modified_time\" content=\"2024-01-16T14:00:48+00:00\" \/>\n<meta property=\"og:image\" content=\"https:\/\/www.immobil-niederkofler.it\/wp-content\/uploads\/2020\/04\/logo.png\" \/>\n\t<meta property=\"og:image:width\" content=\"121\" \/>\n\t<meta property=\"og:image:height\" content=\"118\" \/>\n\t<meta property=\"og:image:type\" content=\"image\/png\" \/>\n<meta name=\"twitter:card\" content=\"summary_large_image\" \/>\n<meta name=\"twitter:label1\" content=\"Est. reading time\" \/>\n\t<meta name=\"twitter:data1\" content=\"1 minute\" \/>\n<script type=\"application\/ld+json\" class=\"yoast-schema-graph\">{\"@context\":\"https:\\\/\\\/schema.org\",\"@graph\":[{\"@type\":\"WebPage\",\"@id\":\"https:\\\/\\\/www.immobil-niederkofler.it\\\/en\\\/imprint\\\/\",\"url\":\"https:\\\/\\\/www.immobil-niederkofler.it\\\/en\\\/imprint\\\/\",\"name\":\"Imprint - Immobilien Niederkofler\",\"isPartOf\":{\"@id\":\"https:\\\/\\\/www.immobil-niederkofler.it\\\/en\\\/#website\"},\"datePublished\":\"2020-04-30T07:39:43+00:00\",\"dateModified\":\"2024-01-16T14:00:48+00:00\",\"inLanguage\":\"en-US\",\"potentialAction\":[{\"@type\":\"ReadAction\",\"target\":[\"https:\\\/\\\/www.immobil-niederkofler.it\\\/en\\\/imprint\\\/\"]}]},{\"@type\":\"WebSite\",\"@id\":\"https:\\\/\\\/www.immobil-niederkofler.it\\\/en\\\/#website\",\"url\":\"https:\\\/\\\/www.immobil-niederkofler.it\\\/en\\\/\",\"name\":\"Immobilien Niederkofler\",\"description\":\"Willkommen bei Immobilien Niederkofler, Ihrem zuverl\u00e4ssigen und kompetenten Immobilienmakler im sch\u00f6nen S\u00fcdtirol\",\"potentialAction\":[{\"@type\":\"SearchAction\",\"target\":{\"@type\":\"EntryPoint\",\"urlTemplate\":\"https:\\\/\\\/www.immobil-niederkofler.it\\\/en\\\/?s={search_term_string}\"},\"query-input\":{\"@type\":\"PropertyValueSpecification\",\"valueRequired\":true,\"valueName\":\"search_term_string\"}}],\"inLanguage\":\"en-US\"}]}<\/script>\n<!-- \/ Yoast SEO plugin. -->","yoast_head_json":{"title":"Imprint - Immobilien Niederkofler","robots":{"index":"index","follow":"follow","max-snippet":"max-snippet:-1","max-image-preview":"max-image-preview:large","max-video-preview":"max-video-preview:-1"},"canonical":"https:\/\/www.immobil-niederkofler.it\/en\/imprint\/","og_locale":"en_US","og_type":"article","og_title":"Imprint - Immobilien Niederkofler","og_description":"Imprint Real Estate Niederkofler Ltd Via Galileo Galilei 6 39031 Brunico (BZ) Tel. +39 0474 410 400 Fax +39 0474 411 189 Mail: info@immobil-niederkofler.itPEC: immobillien-niederkofler@legalmail.ithttps:\/\/www.immobil-niederkofler.it Partita IVA 01737510212 Numero iscrizione camera di commercio BZ-161000 Capitale sociale interamente versato Euro 20.000 Rappresentante legale: Dr. Andre\u0300-Benedict Niederkofler Responsabile per contenuti e diritti di stampa: Dr. Andre\u0300-Benedict Niederkofler [&hellip;]","og_url":"https:\/\/www.immobil-niederkofler.it\/en\/imprint\/","og_site_name":"Immobilien Niederkofler","article_publisher":"https:\/\/de-de.facebook.com\/ImmobilienNiederkofler\/","article_modified_time":"2024-01-16T14:00:48+00:00","og_image":[{"width":121,"height":118,"url":"https:\/\/www.immobil-niederkofler.it\/wp-content\/uploads\/2020\/04\/logo.png","type":"image\/png"}],"twitter_card":"summary_large_image","twitter_misc":{"Est. reading time":"1 minute"},"schema":{"@context":"https:\/\/schema.org","@graph":[{"@type":"WebPage","@id":"https:\/\/www.immobil-niederkofler.it\/en\/imprint\/","url":"https:\/\/www.immobil-niederkofler.it\/en\/imprint\/","name":"Imprint - Immobilien Niederkofler","isPartOf":{"@id":"https:\/\/www.immobil-niederkofler.it\/en\/#website"},"datePublished":"2020-04-30T07:39:43+00:00","dateModified":"2024-01-16T14:00:48+00:00","inLanguage":"en-US","potentialAction":[{"@type":"ReadAction","target":["https:\/\/www.immobil-niederkofler.it\/en\/imprint\/"]}]},{"@type":"WebSite","@id":"https:\/\/www.immobil-niederkofler.it\/en\/#website","url":"https:\/\/www.immobil-niederkofler.it\/en\/","name":"Immobilien Niederkofler","description":"Willkommen bei Immobilien Niederkofler, Ihrem zuverl\u00e4ssigen und kompetenten Immobilienmakler im sch\u00f6nen S\u00fcdtirol","potentialAction":[{"@type":"SearchAction","target":{"@type":"EntryPoint","urlTemplate":"https:\/\/www.immobil-niederkofler.it\/en\/?s={search_term_string}"},"query-input":{"@type":"PropertyValueSpecification","valueRequired":true,"valueName":"search_term_string"}}],"inLanguage":"en-US"}]}},"_links":{"self":[{"href":"https:\/\/www.immobil-niederkofler.it\/en\/wp-json\/wp\/v2\/pages\/1554","targetHints":{"allow":["GET"]}}],"collection":[{"href":"https:\/\/www.immobil-niederkofler.it\/en\/wp-json\/wp\/v2\/pages"}],"about":[{"href":"https:\/\/www.immobil-niederkofler.it\/en\/wp-json\/wp\/v2\/types\/page"}],"author":[{"embeddable":true,"href":"https:\/\/www.immobil-niederkofler.it\/en\/wp-json\/wp\/v2\/users\/4"}],"replies":[{"embeddable":true,"href":"https:\/\/www.immobil-niederkofler.it\/en\/wp-json\/wp\/v2\/comments?post=1554"}],"version-history":[{"count":3,"href":"https:\/\/www.immobil-niederkofler.it\/en\/wp-json\/wp\/v2\/pages\/1554\/revisions"}],"predecessor-version":[{"id":8486,"href":"https:\/\/www.immobil-niederkofler.it\/en\/wp-json\/wp\/v2\/pages\/1554\/revisions\/8486"}],"wp:attachment":[{"href":"https:\/\/www.immobil-niederkofler.it\/en\/wp-json\/wp\/v2\/media?parent=1554"}],"curies":[{"name":"wp","href":"https:\/\/api.w.org\/{rel}","templated":true}]}}