{"id":1549,"date":"2020-05-12T09:13:02","date_gmt":"2020-05-12T07:13:02","guid":{"rendered":"https:\/\/www.immobil-niederkofler.it\/suchauftrag\/"},"modified":"2025-04-08T14:18:19","modified_gmt":"2025-04-08T12:18:19","slug":"search-request","status":"publish","type":"page","link":"https:\/\/www.immobil-niederkofler.it\/en\/search-request\/","title":{"rendered":"Search request"},"content":{"rendered":"\t\t<div data-elementor-type=\"wp-page\" data-elementor-id=\"1549\" class=\"elementor elementor-1549 elementor-530\" data-elementor-post-type=\"page\">\n\t\t\t\t\t\t<section class=\"elementor-section elementor-top-section elementor-element elementor-element-ae6ef3d elementor-section-full_width elementor-section-height-default elementor-section-height-default\" data-id=\"ae6ef3d\" data-element_type=\"section\" data-e-type=\"section\">\n\t\t\t\t\t\t<div class=\"elementor-container elementor-column-gap-default\">\n\t\t\t\t\t<div class=\"elementor-column elementor-col-100 elementor-top-column elementor-element elementor-element-c78e67b\" data-id=\"c78e67b\" data-element_type=\"column\" data-e-type=\"column\">\n\t\t\t<div class=\"elementor-widget-wrap elementor-element-populated\">\n\t\t\t\t\t\t<div class=\"elementor-element elementor-element-b03371b elementor-widget elementor-widget-h1-with-lines\" data-id=\"b03371b\" data-element_type=\"widget\" data-e-type=\"widget\" data-widget_type=\"h1-with-lines.default\">\n\t\t\t\t<div class=\"elementor-widget-container\">\n\t\t\t\t\t\t\t<h1 class=\"site-title with-lines center\">\n            <span>Search request<\/span>\n        <\/h1>\n        \t\t\t\t<\/div>\n\t\t\t\t<\/div>\n\t\t\t\t<div class=\"elementor-element elementor-element-7f8489f elementor-widget elementor-widget-html\" data-id=\"7f8489f\" data-element_type=\"widget\" data-e-type=\"widget\" data-widget_type=\"html.default\">\n\t\t\t\t<div class=\"elementor-widget-container\">\n\t\t\t\t\t<script type=\"text\/javascript\" src=\"https:\/\/res.onoffice.de\/template\/std-obj\/jscript\/jquery-1.8.3.min.js\"><\/script>\n<script type=\"text\/javascript\" src=\"https:\/\/res.onoffice.de\/template\/repository\/iframeresizer\/iframeResizer.min.js\"><\/script>\n<iframe src=\"https:\/\/smartsite2.myonoffice.de\/kunden\/immobilienniederkofler\/105\/interessentenformular.xhtml?language=ENG\" class=\"ooiframe\" id=\"ooimmoframe\" name=\"ooimmoframe\" width=\"100%\" height=\"1000\" scrolling=\"no\" frameborder=\"0\" marginheight=\"0px\" marginwidth=\"0px\"><\/iframe>\n<script type=\"text\/javascript\" src=\"https:\/\/res.onoffice.de\/template\/repository\/iframeresizer\/ooiframe-noscroll.js\"><\/script>\t\t\t\t<\/div>\n\t\t\t\t<\/div>\n\t\t\t\t\t<\/div>\n\t\t<\/div>\n\t\t\t\t\t<\/div>\n\t\t<\/section>\n\t\t\t\t<\/div>\n\t\t","protected":false},"excerpt":{"rendered":"<p>Search request<\/p>\n","protected":false},"author":4,"featured_media":0,"parent":0,"menu_order":0,"comment_status":"closed","ping_status":"closed","template":"","meta":{"_acf_changed":false,"_monsterinsights_skip_tracking":false,"_monsterinsights_sitenote_active":false,"_monsterinsights_sitenote_note":"","_monsterinsights_sitenote_category":0,"footnotes":""},"class_list":["post-1549","page","type-page","status-publish","hentry"],"acf":[],"yoast_head":"<!-- This site is optimized with the Yoast SEO plugin v27.5 - https:\/\/yoast.com\/product\/yoast-seo-wordpress\/ -->\n<title>Search request - Immobilien Niederkofler<\/title>\n<meta name=\"description\" content=\"Sie suchen eine Immobilie in S\u00fcdtirol? Richten Sie jetzt einen Suchauftrag bei uns ein. Rufen Sie uns gerne an: +39 0474 410 400\" \/>\n<meta name=\"robots\" content=\"index, follow, max-snippet:-1, max-image-preview:large, max-video-preview:-1\" \/>\n<link rel=\"canonical\" href=\"https:\/\/www.immobil-niederkofler.it\/en\/search-request\/\" \/>\n<meta property=\"og:locale\" content=\"en_US\" \/>\n<meta property=\"og:type\" content=\"article\" \/>\n<meta property=\"og:title\" content=\"Search request - Immobilien Niederkofler\" \/>\n<meta property=\"og:description\" content=\"Sie suchen eine Immobilie in S\u00fcdtirol? Richten Sie jetzt einen Suchauftrag bei uns ein. Rufen Sie uns gerne an: +39 0474 410 400\" \/>\n<meta property=\"og:url\" content=\"https:\/\/www.immobil-niederkofler.it\/en\/search-request\/\" \/>\n<meta property=\"og:site_name\" content=\"Immobilien Niederkofler\" \/>\n<meta property=\"article:publisher\" content=\"https:\/\/de-de.facebook.com\/ImmobilienNiederkofler\/\" \/>\n<meta property=\"article:modified_time\" content=\"2025-04-08T12:18:19+00:00\" \/>\n<meta property=\"og:image\" content=\"https:\/\/www.immobil-niederkofler.it\/wp-content\/uploads\/2020\/04\/logo.png\" \/>\n\t<meta property=\"og:image:width\" content=\"121\" \/>\n\t<meta property=\"og:image:height\" content=\"118\" \/>\n\t<meta property=\"og:image:type\" content=\"image\/png\" \/>\n<meta name=\"twitter:card\" content=\"summary_large_image\" \/>\n<meta name=\"twitter:label1\" content=\"Est. reading time\" \/>\n\t<meta name=\"twitter:data1\" content=\"1 minute\" \/>\n<script type=\"application\/ld+json\" class=\"yoast-schema-graph\">{\"@context\":\"https:\\\/\\\/schema.org\",\"@graph\":[{\"@type\":\"WebPage\",\"@id\":\"https:\\\/\\\/www.immobil-niederkofler.it\\\/en\\\/search-request\\\/\",\"url\":\"https:\\\/\\\/www.immobil-niederkofler.it\\\/en\\\/search-request\\\/\",\"name\":\"Search request - Immobilien Niederkofler\",\"isPartOf\":{\"@id\":\"https:\\\/\\\/www.immobil-niederkofler.it\\\/en\\\/#website\"},\"datePublished\":\"2020-05-12T07:13:02+00:00\",\"dateModified\":\"2025-04-08T12:18:19+00:00\",\"description\":\"Sie suchen eine Immobilie in S\u00fcdtirol? Richten Sie jetzt einen Suchauftrag bei uns ein. Rufen Sie uns gerne an: +39 0474 410 400\",\"inLanguage\":\"en-US\",\"potentialAction\":[{\"@type\":\"ReadAction\",\"target\":[\"https:\\\/\\\/www.immobil-niederkofler.it\\\/en\\\/search-request\\\/\"]}]},{\"@type\":\"WebSite\",\"@id\":\"https:\\\/\\\/www.immobil-niederkofler.it\\\/en\\\/#website\",\"url\":\"https:\\\/\\\/www.immobil-niederkofler.it\\\/en\\\/\",\"name\":\"Immobilien Niederkofler\",\"description\":\"Willkommen bei Immobilien Niederkofler, Ihrem zuverl\u00e4ssigen und kompetenten Immobilienmakler im sch\u00f6nen S\u00fcdtirol\",\"potentialAction\":[{\"@type\":\"SearchAction\",\"target\":{\"@type\":\"EntryPoint\",\"urlTemplate\":\"https:\\\/\\\/www.immobil-niederkofler.it\\\/en\\\/?s={search_term_string}\"},\"query-input\":{\"@type\":\"PropertyValueSpecification\",\"valueRequired\":true,\"valueName\":\"search_term_string\"}}],\"inLanguage\":\"en-US\"}]}<\/script>\n<!-- \/ Yoast SEO plugin. -->","yoast_head_json":{"title":"Search request - Immobilien Niederkofler","description":"Sie suchen eine Immobilie in S\u00fcdtirol? Richten Sie jetzt einen Suchauftrag bei uns ein. Rufen Sie uns gerne an: +39 0474 410 400","robots":{"index":"index","follow":"follow","max-snippet":"max-snippet:-1","max-image-preview":"max-image-preview:large","max-video-preview":"max-video-preview:-1"},"canonical":"https:\/\/www.immobil-niederkofler.it\/en\/search-request\/","og_locale":"en_US","og_type":"article","og_title":"Search request - Immobilien Niederkofler","og_description":"Sie suchen eine Immobilie in S\u00fcdtirol? Richten Sie jetzt einen Suchauftrag bei uns ein. Rufen Sie uns gerne an: +39 0474 410 400","og_url":"https:\/\/www.immobil-niederkofler.it\/en\/search-request\/","og_site_name":"Immobilien Niederkofler","article_publisher":"https:\/\/de-de.facebook.com\/ImmobilienNiederkofler\/","article_modified_time":"2025-04-08T12:18:19+00:00","og_image":[{"width":121,"height":118,"url":"https:\/\/www.immobil-niederkofler.it\/wp-content\/uploads\/2020\/04\/logo.png","type":"image\/png"}],"twitter_card":"summary_large_image","twitter_misc":{"Est. reading time":"1 minute"},"schema":{"@context":"https:\/\/schema.org","@graph":[{"@type":"WebPage","@id":"https:\/\/www.immobil-niederkofler.it\/en\/search-request\/","url":"https:\/\/www.immobil-niederkofler.it\/en\/search-request\/","name":"Search request - Immobilien Niederkofler","isPartOf":{"@id":"https:\/\/www.immobil-niederkofler.it\/en\/#website"},"datePublished":"2020-05-12T07:13:02+00:00","dateModified":"2025-04-08T12:18:19+00:00","description":"Sie suchen eine Immobilie in S\u00fcdtirol? Richten Sie jetzt einen Suchauftrag bei uns ein. Rufen Sie uns gerne an: +39 0474 410 400","inLanguage":"en-US","potentialAction":[{"@type":"ReadAction","target":["https:\/\/www.immobil-niederkofler.it\/en\/search-request\/"]}]},{"@type":"WebSite","@id":"https:\/\/www.immobil-niederkofler.it\/en\/#website","url":"https:\/\/www.immobil-niederkofler.it\/en\/","name":"Immobilien Niederkofler","description":"Willkommen bei Immobilien Niederkofler, Ihrem zuverl\u00e4ssigen und kompetenten Immobilienmakler im sch\u00f6nen S\u00fcdtirol","potentialAction":[{"@type":"SearchAction","target":{"@type":"EntryPoint","urlTemplate":"https:\/\/www.immobil-niederkofler.it\/en\/?s={search_term_string}"},"query-input":{"@type":"PropertyValueSpecification","valueRequired":true,"valueName":"search_term_string"}}],"inLanguage":"en-US"}]}},"_links":{"self":[{"href":"https:\/\/www.immobil-niederkofler.it\/en\/wp-json\/wp\/v2\/pages\/1549","targetHints":{"allow":["GET"]}}],"collection":[{"href":"https:\/\/www.immobil-niederkofler.it\/en\/wp-json\/wp\/v2\/pages"}],"about":[{"href":"https:\/\/www.immobil-niederkofler.it\/en\/wp-json\/wp\/v2\/types\/page"}],"author":[{"embeddable":true,"href":"https:\/\/www.immobil-niederkofler.it\/en\/wp-json\/wp\/v2\/users\/4"}],"replies":[{"embeddable":true,"href":"https:\/\/www.immobil-niederkofler.it\/en\/wp-json\/wp\/v2\/comments?post=1549"}],"version-history":[{"count":6,"href":"https:\/\/www.immobil-niederkofler.it\/en\/wp-json\/wp\/v2\/pages\/1549\/revisions"}],"predecessor-version":[{"id":9851,"href":"https:\/\/www.immobil-niederkofler.it\/en\/wp-json\/wp\/v2\/pages\/1549\/revisions\/9851"}],"wp:attachment":[{"href":"https:\/\/www.immobil-niederkofler.it\/en\/wp-json\/wp\/v2\/media?parent=1549"}],"curies":[{"name":"wp","href":"https:\/\/api.w.org\/{rel}","templated":true}]}}