{"id":227,"date":"2020-02-27T15:34:41","date_gmt":"2020-02-27T14:34:41","guid":{"rendered":"http:\/\/15789.onofficeweb.com\/?page_id=227"},"modified":"2023-09-20T12:07:44","modified_gmt":"2023-09-20T10:07:44","slug":"geschichte","status":"publish","type":"page","link":"https:\/\/www.immobil-niederkofler.it\/de\/ueber-uns\/geschichte\/","title":{"rendered":"Geschichte"},"content":{"rendered":"\t\t<div data-elementor-type=\"wp-page\" data-elementor-id=\"227\" class=\"elementor elementor-227\" data-elementor-post-type=\"page\">\n\t\t\t\t\t\t<section class=\"elementor-section elementor-top-section elementor-element elementor-element-dde928e elementor-section-full_width elementor-section-height-default elementor-section-height-default\" data-id=\"dde928e\" data-element_type=\"section\" data-e-type=\"section\">\n\t\t\t\t\t\t<div class=\"elementor-container elementor-column-gap-default\">\n\t\t\t\t\t<div class=\"elementor-column elementor-col-100 elementor-top-column elementor-element elementor-element-16ee2f4\" data-id=\"16ee2f4\" data-element_type=\"column\" data-e-type=\"column\">\n\t\t\t<div class=\"elementor-widget-wrap elementor-element-populated\">\n\t\t\t\t\t\t<div class=\"elementor-element elementor-element-d28acd9 elementor-widget elementor-widget-h1-with-lines\" data-id=\"d28acd9\" data-element_type=\"widget\" data-e-type=\"widget\" data-widget_type=\"h1-with-lines.default\">\n\t\t\t\t<div class=\"elementor-widget-container\">\n\t\t\t\t\t\t\t<h1 class=\"site-title with-lines center\">\n            <span>Die Geschichte hinter Immobilien Niederkofler<\/span>\n        <\/h1>\n        \t\t\t\t<\/div>\n\t\t\t\t<\/div>\n\t\t\t\t\t<\/div>\n\t\t<\/div>\n\t\t\t\t\t<\/div>\n\t\t<\/section>\n\t\t\t\t<section class=\"elementor-section elementor-top-section elementor-element elementor-element-991676b elementor-section-boxed elementor-section-height-default elementor-section-height-default\" data-id=\"991676b\" data-element_type=\"section\" data-e-type=\"section\">\n\t\t\t\t\t\t<div class=\"elementor-container elementor-column-gap-default\">\n\t\t\t\t\t<div class=\"elementor-column elementor-col-100 elementor-top-column elementor-element elementor-element-0faebe0\" data-id=\"0faebe0\" data-element_type=\"column\" data-e-type=\"column\">\n\t\t\t<div class=\"elementor-widget-wrap elementor-element-populated\">\n\t\t\t\t\t\t<div class=\"elementor-element elementor-element-178964b elementor-widget elementor-widget-text-editor\" data-id=\"178964b\" data-element_type=\"widget\" data-e-type=\"widget\" data-widget_type=\"text-editor.default\">\n\t\t\t\t<div class=\"elementor-widget-container\">\n\t\t\t\t\t\t\t\t\t<p style=\"text-align: left;\">Immobilien Niederkofler wurde im Jahre 1948 von Dr. Emil Niederkofler gegr\u00fcndet und war seiner Zeit das erste Immobilienb\u00fcro im Pustertal. Das Unternehmen und dessen Dienstleistungen wurde von Herrn Geom. Dietmar Niederkofler mit Leib und Seele weitergef\u00fchrt und vergr\u00f6\u00dfert.<\/p>\t\t\t\t\t\t\t\t<\/div>\n\t\t\t\t<\/div>\n\t\t\t\t\t<\/div>\n\t\t<\/div>\n\t\t\t\t\t<\/div>\n\t\t<\/section>\n\t\t\t\t<section class=\"elementor-section elementor-top-section elementor-element elementor-element-d90689f elementor-section-boxed elementor-section-height-default elementor-section-height-default\" data-id=\"d90689f\" data-element_type=\"section\" data-e-type=\"section\">\n\t\t\t\t\t\t<div class=\"elementor-container elementor-column-gap-default\">\n\t\t\t\t\t<div class=\"elementor-column elementor-col-100 elementor-top-column elementor-element elementor-element-96b0cd3\" data-id=\"96b0cd3\" data-element_type=\"column\" data-e-type=\"column\">\n\t\t\t<div class=\"elementor-widget-wrap elementor-element-populated\">\n\t\t\t\t\t\t<div class=\"elementor-element elementor-element-4fe1a60 elementor-widget elementor-widget-timeline\" data-id=\"4fe1a60\" data-element_type=\"widget\" data-e-type=\"widget\" data-widget_type=\"timeline.default\">\n\t\t\t\t<div class=\"elementor-widget-container\">\n\t\t\t\t\t        <section class=\"timeline\">\n            <div class=\"container\">\n                                                        <div class=\"timeline-item\">\n                        <div class=\"timeline-img\"><\/div>\n                        <div class=\"timeline-content timeline-card js--fadeInRight\">\n\t                                                    <div class=\"timeline-img-header\" style=\"background: url('https:\/\/www.immobil-niederkofler.it\/wp-content\/uploads\/2021\/07\/Bozen-Oci.jpg') center center no-repeat; background-size: cover;\">\n                                <h2><\/h2>\n                            <\/div>\n\t                                                    <div class=\"date\">2019<\/div>\n                            <p>Seit <b><b>2019<\/b>  ist Immobilien Niederkofler auch in Bozen, unserer Landeshauptstadt, zu finden. Die Filiale wird seitdem von Frau <b><b> Dr. Octavia Niederkofler<\/b> <\/b><\/b>  gef\u00fchrt. Nach Beendigung des Jurastudiums an der Universit\u00e4t Cattolica in Mailand sammelte die Schwester des CEO Andr\u00e8 Benedict Niederkofler zuerst in Mailand sowie sp\u00e4ter bei anderen Immobilienagenturen in S\u00fcdtirol erste Berufserfahrungen.<\/p>\n                        <\/div>\n                    <\/div>\n                                        <div class=\"timeline-item\">\n                        <div class=\"timeline-img\"><\/div>\n                        <div class=\"timeline-content timeline-card js--fadeInLeft\">\n\t                                                    <div class=\"timeline-img-header\" style=\"background: url('https:\/\/www.immobil-niederkofler.it\/wp-content\/uploads\/2021\/07\/Benedict-und-Dietmar.jpg') center center no-repeat; background-size: cover;\">\n                                <h2><\/h2>\n                            <\/div>\n\t                                                    <div class=\"date\">2016<\/div>\n                            <p>Nach dem Abschluss des Jurastudiums 2009 und dem \u201emaster of finance and real estate\u201c, sowie einer zweij\u00e4hrigen Berufserfahrung bei einem internationalen Immobilienunternehmen in Hamburg, \u00fcbernahm <b><b>2015 <\/b> der Sohn <b><b>Andr\u00e8 Benedict Niederkofler<\/b><\/b> die Immobilienagentur.<\/p>\n                        <\/div>\n                    <\/div>\n                                        <div class=\"timeline-item\">\n                        <div class=\"timeline-img\"><\/div>\n                        <div class=\"timeline-content timeline-card js--fadeInRight\">\n\t                                                    <div class=\"timeline-img-header\" style=\"background: url('https:\/\/www.immobil-niederkofler.it\/wp-content\/uploads\/2021\/07\/Filiale-Sand.jpg') center center no-repeat; background-size: cover;\">\n                                <h2><\/h2>\n                            <\/div>\n\t                                                    <div class=\"date\">2011<\/div>\n                            <p><b><b>2011<\/b><\/b> wurde der dritte Standorte in Sand in Taufers er\u00f6ffnet.<\/p>\n                        <\/div>\n                    <\/div>\n                                        <div class=\"timeline-item\">\n                        <div class=\"timeline-img\"><\/div>\n                        <div class=\"timeline-content timeline-card js--fadeInLeft\">\n\t                                                    <div class=\"timeline-img-header\" style=\"background: url('https:\/\/www.immobil-niederkofler.it\/wp-content\/uploads\/2021\/07\/Stadtgasse.jpg') center center no-repeat; background-size: cover;\">\n                                <h2><\/h2>\n                            <\/div>\n\t                                                    <div class=\"date\">2003<\/div>\n                            <p><b><b>2003 <\/b><\/b> folgte die Er\u00f6ffnung des Infopoints in der Stadtgasse Bruneck.<\/p>\n                        <\/div>\n                    <\/div>\n                                        <div class=\"timeline-item\">\n                        <div class=\"timeline-img\"><\/div>\n                        <div class=\"timeline-content timeline-card js--fadeInRight\">\n\t                                                    <div class=\"timeline-img-header\" style=\"background: url('https:\/\/www.immobil-niederkofler.it\/wp-content\/uploads\/2021\/08\/Unbenannt-2.jpg') center center no-repeat; background-size: cover;\">\n                                <h2><\/h2>\n                            <\/div>\n\t                                                    <div class=\"date\">2000<\/div>\n                            <p>Im Jahr  <b><b>2000 <\/b><\/b>wurde die erste Au\u00dfenstelle in Welsberg gegr\u00fcndet.<\/p>\n                        <\/div>\n                    <\/div>\n                                        <div class=\"timeline-item\">\n                        <div class=\"timeline-img\"><\/div>\n                        <div class=\"timeline-content timeline-card js--fadeInLeft\">\n\t                                                    <div class=\"timeline-img-header\" style=\"background: url('https:\/\/www.immobil-niederkofler.it\/wp-content\/uploads\/2021\/07\/Galileo-Galilei.jpg') center center no-repeat; background-size: cover;\">\n                                <h2><\/h2>\n                            <\/div>\n\t                                                    <div class=\"date\">1989<\/div>\n                            <p><b><b>1989 <\/b><\/b> erfolgte der Umzug in den heute noch bestehenden Hauptsitz in Bruneck, in der Galileo-Galilei-Stra\u00dfe 6.<\/p>\n                        <\/div>\n                    <\/div>\n                                        <div class=\"timeline-item\">\n                        <div class=\"timeline-img\"><\/div>\n                        <div class=\"timeline-content timeline-card js--fadeInRight\">\n\t                                                    <div class=\"timeline-img-header\" style=\"background: url('https:\/\/www.immobil-niederkofler.it\/wp-content\/uploads\/2021\/08\/Dietmar-und-Peppi.jpg') center center no-repeat; background-size: cover;\">\n                                <h2><\/h2>\n                            <\/div>\n\t                                                    <div class=\"date\">1978<\/div>\n                            <p>Nach dem Abschluss der Geometerschule (1977) \u00fcbernahm im Jahr <b><b>1979<\/b><\/b> der Sohn <b><b>Geom. Dietmar Niederkofler<\/b><\/b> (links) die Immobilienagentur und verlegte den Firmensitz in Bruneck vom Graben Nr. 4 in die Stadtgasse Nr. 17.<br \/><\/p>\n                        <\/div>\n                    <\/div>\n                                        <div class=\"timeline-item\">\n                        <div class=\"timeline-img\"><\/div>\n                        <div class=\"timeline-content timeline-card js--fadeInLeft\">\n\t                                                    <div class=\"timeline-img-header\" style=\"background: url('https:\/\/www.immobil-niederkofler.it\/wp-content\/uploads\/2020\/08\/emil-niederkofler-mitHG.jpg') center center no-repeat; background-size: cover;\">\n                                <h2><\/h2>\n                            <\/div>\n\t                                                    <div class=\"date\">1948<\/div>\n                            <p><b><b>Dr. Emil Niederkofler<\/b><\/b>  gr\u00fcndete im Jahr <b><b>1948<\/b><\/b> das erste Immobilienb\u00fcro im Raum Pustertal.<\/p>\n                        <\/div>\n                    <\/div>\n                                                <\/div>\n        <\/section>\n        \t\t\t\t<\/div>\n\t\t\t\t<\/div>\n\t\t\t\t\t<\/div>\n\t\t<\/div>\n\t\t\t\t\t<\/div>\n\t\t<\/section>\n\t\t\t\t<\/div>\n\t\t","protected":false},"excerpt":{"rendered":"<p>Die Geschichte hinter Immobilien Niederkofler Immobilien Niederkofler wurde im Jahre 1948 von Dr. Emil Niederkofler gegr\u00fcndet und war seiner Zeit das erste Immobilienb\u00fcro im Pustertal. Das Unternehmen und dessen Dienstleistungen wurde von Herrn Geom. Dietmar Niederkofler mit Leib und Seele weitergef\u00fchrt und vergr\u00f6\u00dfert. 2019 Seit 2019 ist Immobilien Niederkofler auch in Bozen, unserer Landeshauptstadt, zu [&hellip;]<\/p>\n","protected":false},"author":9,"featured_media":0,"parent":19,"menu_order":0,"comment_status":"closed","ping_status":"closed","template":"","meta":{"_acf_changed":false,"_monsterinsights_skip_tracking":false,"_monsterinsights_sitenote_active":false,"_monsterinsights_sitenote_note":"","_monsterinsights_sitenote_category":0,"footnotes":""},"class_list":["post-227","page","type-page","status-publish","hentry"],"acf":[],"yoast_head":"<!-- This site is optimized with the Yoast SEO plugin v27.3 - https:\/\/yoast.com\/product\/yoast-seo-wordpress\/ -->\n<title>Unsere Unternehmensgeschichte | Immobilien Niederkofler<\/title>\n<meta name=\"description\" content=\"Erfahren Sie mehr \u00fcber die Historie von Immobilien Niederkofler. Seit 1948 sind wir in S\u00fcdtirol f\u00fcr Sie da!\" \/>\n<meta name=\"robots\" content=\"index, follow, max-snippet:-1, max-image-preview:large, max-video-preview:-1\" \/>\n<link rel=\"canonical\" href=\"https:\/\/www.immobil-niederkofler.it\/de\/ueber-uns\/geschichte\/\" \/>\n<meta property=\"og:locale\" content=\"de_DE\" \/>\n<meta property=\"og:type\" content=\"article\" \/>\n<meta property=\"og:title\" content=\"Unsere Unternehmensgeschichte | Immobilien Niederkofler\" \/>\n<meta property=\"og:description\" content=\"Erfahren Sie mehr \u00fcber die Historie von Immobilien Niederkofler. Seit 1948 sind wir in S\u00fcdtirol f\u00fcr Sie da!\" \/>\n<meta property=\"og:url\" content=\"https:\/\/www.immobil-niederkofler.it\/de\/ueber-uns\/geschichte\/\" \/>\n<meta property=\"og:site_name\" content=\"Immobilien Niederkofler\" \/>\n<meta property=\"article:publisher\" content=\"https:\/\/de-de.facebook.com\/ImmobilienNiederkofler\/\" \/>\n<meta property=\"article:modified_time\" content=\"2023-09-20T10:07:44+00:00\" \/>\n<meta property=\"og:image\" content=\"https:\/\/www.immobil-niederkofler.it\/wp-content\/uploads\/2020\/04\/logo.png\" \/>\n\t<meta property=\"og:image:width\" content=\"121\" \/>\n\t<meta property=\"og:image:height\" content=\"118\" \/>\n\t<meta property=\"og:image:type\" content=\"image\/png\" \/>\n<meta name=\"twitter:card\" content=\"summary_large_image\" \/>\n<meta name=\"twitter:label1\" content=\"Gesch\u00e4tzte Lesezeit\" \/>\n\t<meta name=\"twitter:data1\" content=\"1\u00a0Minute\" \/>\n<script type=\"application\/ld+json\" class=\"yoast-schema-graph\">{\"@context\":\"https:\\\/\\\/schema.org\",\"@graph\":[{\"@type\":\"WebPage\",\"@id\":\"https:\\\/\\\/www.immobil-niederkofler.it\\\/de\\\/ueber-uns\\\/geschichte\\\/\",\"url\":\"https:\\\/\\\/www.immobil-niederkofler.it\\\/de\\\/ueber-uns\\\/geschichte\\\/\",\"name\":\"Unsere Unternehmensgeschichte | Immobilien Niederkofler\",\"isPartOf\":{\"@id\":\"https:\\\/\\\/www.immobil-niederkofler.it\\\/de\\\/#website\"},\"datePublished\":\"2020-02-27T14:34:41+00:00\",\"dateModified\":\"2023-09-20T10:07:44+00:00\",\"description\":\"Erfahren Sie mehr \u00fcber die Historie von Immobilien Niederkofler. Seit 1948 sind wir in S\u00fcdtirol f\u00fcr Sie da!\",\"breadcrumb\":{\"@id\":\"https:\\\/\\\/www.immobil-niederkofler.it\\\/de\\\/ueber-uns\\\/geschichte\\\/#breadcrumb\"},\"inLanguage\":\"de\",\"potentialAction\":[{\"@type\":\"ReadAction\",\"target\":[\"https:\\\/\\\/www.immobil-niederkofler.it\\\/de\\\/ueber-uns\\\/geschichte\\\/\"]}]},{\"@type\":\"BreadcrumbList\",\"@id\":\"https:\\\/\\\/www.immobil-niederkofler.it\\\/de\\\/ueber-uns\\\/geschichte\\\/#breadcrumb\",\"itemListElement\":[{\"@type\":\"ListItem\",\"position\":1,\"name\":\"\u00dcber uns\",\"item\":\"https:\\\/\\\/www.immobil-niederkofler.it\\\/de\\\/ueber-uns\\\/\"},{\"@type\":\"ListItem\",\"position\":2,\"name\":\"Geschichte\"}]},{\"@type\":\"WebSite\",\"@id\":\"https:\\\/\\\/www.immobil-niederkofler.it\\\/de\\\/#website\",\"url\":\"https:\\\/\\\/www.immobil-niederkofler.it\\\/de\\\/\",\"name\":\"Immobilien Niederkofler\",\"description\":\"Willkommen bei Immobilien Niederkofler, Ihrem zuverl\u00e4ssigen und kompetenten Immobilienmakler im sch\u00f6nen S\u00fcdtirol\",\"potentialAction\":[{\"@type\":\"SearchAction\",\"target\":{\"@type\":\"EntryPoint\",\"urlTemplate\":\"https:\\\/\\\/www.immobil-niederkofler.it\\\/de\\\/?s={search_term_string}\"},\"query-input\":{\"@type\":\"PropertyValueSpecification\",\"valueRequired\":true,\"valueName\":\"search_term_string\"}}],\"inLanguage\":\"de\"}]}<\/script>\n<!-- \/ Yoast SEO plugin. -->","yoast_head_json":{"title":"Unsere Unternehmensgeschichte | Immobilien Niederkofler","description":"Erfahren Sie mehr \u00fcber die Historie von Immobilien Niederkofler. Seit 1948 sind wir in S\u00fcdtirol f\u00fcr Sie da!","robots":{"index":"index","follow":"follow","max-snippet":"max-snippet:-1","max-image-preview":"max-image-preview:large","max-video-preview":"max-video-preview:-1"},"canonical":"https:\/\/www.immobil-niederkofler.it\/de\/ueber-uns\/geschichte\/","og_locale":"de_DE","og_type":"article","og_title":"Unsere Unternehmensgeschichte | Immobilien Niederkofler","og_description":"Erfahren Sie mehr \u00fcber die Historie von Immobilien Niederkofler. Seit 1948 sind wir in S\u00fcdtirol f\u00fcr Sie da!","og_url":"https:\/\/www.immobil-niederkofler.it\/de\/ueber-uns\/geschichte\/","og_site_name":"Immobilien Niederkofler","article_publisher":"https:\/\/de-de.facebook.com\/ImmobilienNiederkofler\/","article_modified_time":"2023-09-20T10:07:44+00:00","og_image":[{"width":121,"height":118,"url":"https:\/\/www.immobil-niederkofler.it\/wp-content\/uploads\/2020\/04\/logo.png","type":"image\/png"}],"twitter_card":"summary_large_image","twitter_misc":{"Gesch\u00e4tzte Lesezeit":"1\u00a0Minute"},"schema":{"@context":"https:\/\/schema.org","@graph":[{"@type":"WebPage","@id":"https:\/\/www.immobil-niederkofler.it\/de\/ueber-uns\/geschichte\/","url":"https:\/\/www.immobil-niederkofler.it\/de\/ueber-uns\/geschichte\/","name":"Unsere Unternehmensgeschichte | Immobilien Niederkofler","isPartOf":{"@id":"https:\/\/www.immobil-niederkofler.it\/de\/#website"},"datePublished":"2020-02-27T14:34:41+00:00","dateModified":"2023-09-20T10:07:44+00:00","description":"Erfahren Sie mehr \u00fcber die Historie von Immobilien Niederkofler. Seit 1948 sind wir in S\u00fcdtirol f\u00fcr Sie da!","breadcrumb":{"@id":"https:\/\/www.immobil-niederkofler.it\/de\/ueber-uns\/geschichte\/#breadcrumb"},"inLanguage":"de","potentialAction":[{"@type":"ReadAction","target":["https:\/\/www.immobil-niederkofler.it\/de\/ueber-uns\/geschichte\/"]}]},{"@type":"BreadcrumbList","@id":"https:\/\/www.immobil-niederkofler.it\/de\/ueber-uns\/geschichte\/#breadcrumb","itemListElement":[{"@type":"ListItem","position":1,"name":"\u00dcber uns","item":"https:\/\/www.immobil-niederkofler.it\/de\/ueber-uns\/"},{"@type":"ListItem","position":2,"name":"Geschichte"}]},{"@type":"WebSite","@id":"https:\/\/www.immobil-niederkofler.it\/de\/#website","url":"https:\/\/www.immobil-niederkofler.it\/de\/","name":"Immobilien Niederkofler","description":"Willkommen bei Immobilien Niederkofler, Ihrem zuverl\u00e4ssigen und kompetenten Immobilienmakler im sch\u00f6nen S\u00fcdtirol","potentialAction":[{"@type":"SearchAction","target":{"@type":"EntryPoint","urlTemplate":"https:\/\/www.immobil-niederkofler.it\/de\/?s={search_term_string}"},"query-input":{"@type":"PropertyValueSpecification","valueRequired":true,"valueName":"search_term_string"}}],"inLanguage":"de"}]}},"_links":{"self":[{"href":"https:\/\/www.immobil-niederkofler.it\/de\/wp-json\/wp\/v2\/pages\/227","targetHints":{"allow":["GET"]}}],"collection":[{"href":"https:\/\/www.immobil-niederkofler.it\/de\/wp-json\/wp\/v2\/pages"}],"about":[{"href":"https:\/\/www.immobil-niederkofler.it\/de\/wp-json\/wp\/v2\/types\/page"}],"author":[{"embeddable":true,"href":"https:\/\/www.immobil-niederkofler.it\/de\/wp-json\/wp\/v2\/users\/9"}],"replies":[{"embeddable":true,"href":"https:\/\/www.immobil-niederkofler.it\/de\/wp-json\/wp\/v2\/comments?post=227"}],"version-history":[{"count":6,"href":"https:\/\/www.immobil-niederkofler.it\/de\/wp-json\/wp\/v2\/pages\/227\/revisions"}],"predecessor-version":[{"id":8059,"href":"https:\/\/www.immobil-niederkofler.it\/de\/wp-json\/wp\/v2\/pages\/227\/revisions\/8059"}],"up":[{"embeddable":true,"href":"https:\/\/www.immobil-niederkofler.it\/de\/wp-json\/wp\/v2\/pages\/19"}],"wp:attachment":[{"href":"https:\/\/www.immobil-niederkofler.it\/de\/wp-json\/wp\/v2\/media?parent=227"}],"curies":[{"name":"wp","href":"https:\/\/api.w.org\/{rel}","templated":true}]}}